{"id":9724,"date":"2024-05-20T00:22:58","date_gmt":"2024-05-19T22:22:58","guid":{"rendered":"https:\/\/www.demokratie-geschichte.de\/index.php\/?page_id=9724"},"modified":"2026-03-05T10:48:51","modified_gmt":"2026-03-05T09:48:51","slug":"wir-ueber-uns","status":"publish","type":"page","link":"https:\/\/www.demokratie-geschichte.de\/index.php\/wir-ueber-uns\/","title":{"rendered":"\u00dcber uns"},"content":{"rendered":"\n<h1 class=\"wp-block-heading has-text-align-center\"><em>Wir vermitteln Demokratiegeschichte und ihre Orte, um Bewusstsein und Haltung f\u00fcr Demokratie zu f\u00f6rdern.<\/em><\/h1>\n\n\n\n<h2 class=\"wp-block-heading\">Wer wir sind<\/h2>\n\n\n\n<p>Die Stiftung Orte der deutschen Demokratiegeschichte ist eine bundesunmittelbare Stiftung mit Sitz in Frankfurt am Main. Unsere Stiftung ist operativ und f\u00f6rdernd t\u00e4tig.<\/p>\n\n\n\n<p>Unser gesetzlicher Auftrag ist es, das <strong>\u00f6ffentliche und individuelle Bewusstsein f\u00fcr die deutsche Demokratiegeschichte<\/strong> und deren Bedeutung zu st\u00e4rken. Mit all ihren Br\u00fcchen, Herausforderungen und Fortschritten bringen wir diese Geschichte(n) ab dem sp\u00e4ten 18. Jahrhundert in Bildung, Wissenschaft und Gesellschaft zur Sprache. Im Mittelpunkt unserer Arbeit stehen dabei die <strong>Orte<\/strong>, an denen sie geschrieben wurden. Sie machen erfahrbar, wie essenziell demokratische Werte f\u00fcr Freiheit, Gerechtigkeit und ein starkes Miteinander damals wie heute sind. Die Geschichte der Demokratie in Deutschland ist dabei unweigerlich Teil eines gr\u00f6\u00dferen Ganzen \u2013 der <strong>europ\u00e4ischen und globalen Demokratiegeschichte<\/strong>.<\/p>\n\n\n\n<h2 class=\"wp-block-heading\">Was wir tun<\/h2>\n\n\n\n<p>Durch Projektf\u00f6rderungen, Kooperationen und eigene Programme vermitteln wir Demokratiegeschichte und ihre Orte, um Bewusstsein und Haltung f\u00fcr Demokratie zu f\u00f6rdern.<\/p>\n\n\n\n<p><strong>Erinnern.<\/strong> Wir halten die ambivalente deutsche Demokratiegeschichte durch aktives \u00f6ffentliches Erinnern lebendig.<\/p>\n\n\n\n<p><strong>F\u00f6rdern. <\/strong>Wir unterst\u00fctzen innovative, inklusive und breitenwirksame Projekte mit gesamtgesellschaftlicher Relevanz und Bezug zu Orten der deutschen Demokratiegeschichte.<\/p>\n\n\n\n<p><strong>Vermitteln.<\/strong> Wir machen die wechselvolle deutsche Demokratiegeschichte durch historisch-politische und kulturelle Bildungsprojekte zug\u00e4nglich.<\/p>\n\n\n\n<p><strong>Vernetzen.<\/strong> Wir verbinden Akteurinnen und Akteure der historisch-politischen und kulturellen Bildungsarbeit in Deutschland, sind zentrale Ansprechpartnerin f\u00fcr die F\u00f6rderung der Demokratiegeschichte des Bundes und streben einen europaweiten und globalen Austausch an.<\/p>\n\n\n\n<p><strong>Verorten.<\/strong> Wir machen deutsche Demokratiegeschichte an Orten greifbar, die f\u00fcr demokratische Traditionen Deutschlands stehen.<\/p>\n\n\n\n<h2 class=\"wp-block-heading\">Warum wir das tun<\/h2>\n\n\n\n<p>Ein tiefgreifendes Verst\u00e4ndnis der Demokratiegeschichte ist Grundlage und Inspiration f\u00fcr eine demokratische Gegenwart und Zukunft. Es leistet einen entscheidenden Beitrag zur aktuellen Demokratiebildung sowie -vermittlung und f\u00f6rdert den Erhalt einer pluralen, offenen Gesellschaft. Davon sind wir \u00fcberzeugt.<\/p>\n\n\n\n<h2 class=\"wp-block-heading\">Errichtungsgesetz<\/h2>\n\n\n\n<p>Das Gesetz wurde als Artikel 1 des G v. 16.7.2021 I 3014 vom Bundestag beschlossen. Es trat am 23.7.2021 in Kraft.<br><a href=\"https:\/\/www.gesetze-im-internet.de\/ortedtdgstiftg\/BJNR301410021.html\" target=\"_blank\" rel=\"noreferrer noopener\">Errichtungsgesetz<\/a><\/p>\n\n\n\n<h2 class=\"wp-block-heading\">Satzung<\/h2>\n\n\n\n<p>Gem\u00e4\u00df \u00a7 4 des Gesetzes zur Errichtung einer \u201eStiftung Orte der deutschen Demokratiegeschichte\u201c vom 16. Juli 2021 (Bundesgesetzblatt I S. 3014 \u2013 im Folgenden: OrtedtDGStiftG) gibt sich die Stiftung nachstehende Satzung.<br><a href=\"https:\/\/www.demokratie-geschichte.de\/index.php\/satzung\/\" target=\"_blank\" rel=\"noreferrer noopener\">Satzung<\/a><\/p>\n\n\n\n<h2 class=\"wp-block-heading\">Rahmenkonzept zur Weiterentwicklung der Orte deutscher Demokratiegeschichte<\/h2>\n\n\n\n<p><a href=\"https:\/\/www.demokratie-geschichte.de\/wp-content\/uploads\/2025\/07\/2021-04-12-bkm-rahmenkonzept-orte-der-demokratiegeschichte.pdf\" target=\"_blank\" rel=\"noreferrer noopener\">Rahmenkonzept<\/a><\/p>\n","protected":false},"excerpt":{"rendered":"<p>Wir vermitteln Demokratiegeschichte und ihre Orte, um Bewusstsein und Haltung f\u00fcr Demokratie zu f\u00f6rdern. Wer wir sind Die Stiftung Orte der deutschen Demokratiegeschichte ist eine bundesunmittelbare Stiftung mit Sitz in Frankfurt am Main. Unsere Stiftung ist operativ und f\u00f6rdernd t\u00e4tig. Unser gesetzlicher Auftrag ist es, das \u00f6ffentliche und individuelle Bewusstsein f\u00fcr die deutsche Demokratiegeschichte und [&hellip;]<\/p>\n","protected":false},"author":1,"featured_media":0,"parent":0,"menu_order":28,"comment_status":"closed","ping_status":"closed","template":"","meta":{"footnotes":""},"categories":[],"tags":[],"class_list":["post-9724","page","type-page","status-publish","hentry"],"yoast_head":"<!-- This site is optimized with the Yoast SEO plugin v23.5 - https:\/\/yoast.com\/wordpress\/plugins\/seo\/ -->\n<title>\u00dcber uns - Stiftung Orte der deutschen Demokratiegeschichte<\/title>\n<meta name=\"robots\" content=\"index, follow, max-snippet:-1, max-image-preview:large, max-video-preview:-1\" \/>\n<link rel=\"canonical\" href=\"https:\/\/www.demokratie-geschichte.de\/index.php\/wir-ueber-uns\/\" \/>\n<meta property=\"og:locale\" content=\"de_DE\" \/>\n<meta property=\"og:type\" content=\"article\" \/>\n<meta property=\"og:title\" content=\"\u00dcber uns - Stiftung Orte der deutschen Demokratiegeschichte\" \/>\n<meta property=\"og:description\" content=\"Wir vermitteln Demokratiegeschichte und ihre Orte, um Bewusstsein und Haltung f\u00fcr Demokratie zu f\u00f6rdern. Wer wir sind Die Stiftung Orte der deutschen Demokratiegeschichte ist eine bundesunmittelbare Stiftung mit Sitz in Frankfurt am Main. Unsere Stiftung ist operativ und f\u00f6rdernd t\u00e4tig. Unser gesetzlicher Auftrag ist es, das \u00f6ffentliche und individuelle Bewusstsein f\u00fcr die deutsche Demokratiegeschichte und [&hellip;]\" \/>\n<meta property=\"og:url\" content=\"https:\/\/www.demokratie-geschichte.de\/index.php\/wir-ueber-uns\/\" \/>\n<meta property=\"og:site_name\" content=\"Stiftung Orte der deutschen Demokratiegeschichte\" \/>\n<meta property=\"article:modified_time\" content=\"2026-03-05T09:48:51+00:00\" \/>\n<meta name=\"twitter:card\" content=\"summary_large_image\" \/>\n<meta name=\"twitter:label1\" content=\"Gesch\u00e4tzte Lesezeit\" \/>\n\t<meta name=\"twitter:data1\" content=\"2\u00a0Minuten\" \/>\n<script type=\"application\/ld+json\" class=\"yoast-schema-graph\">{\"@context\":\"https:\/\/schema.org\",\"@graph\":[{\"@type\":\"WebPage\",\"@id\":\"https:\/\/www.demokratie-geschichte.de\/index.php\/wir-ueber-uns\/\",\"url\":\"https:\/\/www.demokratie-geschichte.de\/index.php\/wir-ueber-uns\/\",\"name\":\"\u00dcber uns - Stiftung Orte der deutschen Demokratiegeschichte\",\"isPartOf\":{\"@id\":\"https:\/\/www.demokratie-geschichte.de\/index.php\/#website\"},\"datePublished\":\"2024-05-19T22:22:58+00:00\",\"dateModified\":\"2026-03-05T09:48:51+00:00\",\"breadcrumb\":{\"@id\":\"https:\/\/www.demokratie-geschichte.de\/index.php\/wir-ueber-uns\/#breadcrumb\"},\"inLanguage\":\"de\",\"potentialAction\":[{\"@type\":\"ReadAction\",\"target\":[\"https:\/\/www.demokratie-geschichte.de\/index.php\/wir-ueber-uns\/\"]}]},{\"@type\":\"BreadcrumbList\",\"@id\":\"https:\/\/www.demokratie-geschichte.de\/index.php\/wir-ueber-uns\/#breadcrumb\",\"itemListElement\":[{\"@type\":\"ListItem\",\"position\":1,\"name\":\"Startseite\",\"item\":\"https:\/\/www.demokratie-geschichte.de\/index.php\/\"},{\"@type\":\"ListItem\",\"position\":2,\"name\":\"\u00dcber uns\"}]},{\"@type\":\"WebSite\",\"@id\":\"https:\/\/www.demokratie-geschichte.de\/index.php\/#website\",\"url\":\"https:\/\/www.demokratie-geschichte.de\/index.php\/\",\"name\":\"Stiftung Orte der deutschen Demokratiegeschichte\",\"description\":\"\",\"potentialAction\":[{\"@type\":\"SearchAction\",\"target\":{\"@type\":\"EntryPoint\",\"urlTemplate\":\"https:\/\/www.demokratie-geschichte.de\/index.php\/?s={search_term_string}\"},\"query-input\":{\"@type\":\"PropertyValueSpecification\",\"valueRequired\":true,\"valueName\":\"search_term_string\"}}],\"inLanguage\":\"de\"}]}<\/script>\n<!-- \/ Yoast SEO plugin. -->","yoast_head_json":{"title":"\u00dcber uns - Stiftung Orte der deutschen Demokratiegeschichte","robots":{"index":"index","follow":"follow","max-snippet":"max-snippet:-1","max-image-preview":"max-image-preview:large","max-video-preview":"max-video-preview:-1"},"canonical":"https:\/\/www.demokratie-geschichte.de\/index.php\/wir-ueber-uns\/","og_locale":"de_DE","og_type":"article","og_title":"\u00dcber uns - Stiftung Orte der deutschen Demokratiegeschichte","og_description":"Wir vermitteln Demokratiegeschichte und ihre Orte, um Bewusstsein und Haltung f\u00fcr Demokratie zu f\u00f6rdern. Wer wir sind Die Stiftung Orte der deutschen Demokratiegeschichte ist eine bundesunmittelbare Stiftung mit Sitz in Frankfurt am Main. Unsere Stiftung ist operativ und f\u00f6rdernd t\u00e4tig. Unser gesetzlicher Auftrag ist es, das \u00f6ffentliche und individuelle Bewusstsein f\u00fcr die deutsche Demokratiegeschichte und [&hellip;]","og_url":"https:\/\/www.demokratie-geschichte.de\/index.php\/wir-ueber-uns\/","og_site_name":"Stiftung Orte der deutschen Demokratiegeschichte","article_modified_time":"2026-03-05T09:48:51+00:00","twitter_card":"summary_large_image","twitter_misc":{"Gesch\u00e4tzte Lesezeit":"2\u00a0Minuten"},"schema":{"@context":"https:\/\/schema.org","@graph":[{"@type":"WebPage","@id":"https:\/\/www.demokratie-geschichte.de\/index.php\/wir-ueber-uns\/","url":"https:\/\/www.demokratie-geschichte.de\/index.php\/wir-ueber-uns\/","name":"\u00dcber uns - Stiftung Orte der deutschen Demokratiegeschichte","isPartOf":{"@id":"https:\/\/www.demokratie-geschichte.de\/index.php\/#website"},"datePublished":"2024-05-19T22:22:58+00:00","dateModified":"2026-03-05T09:48:51+00:00","breadcrumb":{"@id":"https:\/\/www.demokratie-geschichte.de\/index.php\/wir-ueber-uns\/#breadcrumb"},"inLanguage":"de","potentialAction":[{"@type":"ReadAction","target":["https:\/\/www.demokratie-geschichte.de\/index.php\/wir-ueber-uns\/"]}]},{"@type":"BreadcrumbList","@id":"https:\/\/www.demokratie-geschichte.de\/index.php\/wir-ueber-uns\/#breadcrumb","itemListElement":[{"@type":"ListItem","position":1,"name":"Startseite","item":"https:\/\/www.demokratie-geschichte.de\/index.php\/"},{"@type":"ListItem","position":2,"name":"\u00dcber uns"}]},{"@type":"WebSite","@id":"https:\/\/www.demokratie-geschichte.de\/index.php\/#website","url":"https:\/\/www.demokratie-geschichte.de\/index.php\/","name":"Stiftung Orte der deutschen Demokratiegeschichte","description":"","potentialAction":[{"@type":"SearchAction","target":{"@type":"EntryPoint","urlTemplate":"https:\/\/www.demokratie-geschichte.de\/index.php\/?s={search_term_string}"},"query-input":{"@type":"PropertyValueSpecification","valueRequired":true,"valueName":"search_term_string"}}],"inLanguage":"de"}]}},"wps_subtitle":"","_links":{"self":[{"href":"https:\/\/www.demokratie-geschichte.de\/index.php\/wp-json\/wp\/v2\/pages\/9724","targetHints":{"allow":["GET"]}}],"collection":[{"href":"https:\/\/www.demokratie-geschichte.de\/index.php\/wp-json\/wp\/v2\/pages"}],"about":[{"href":"https:\/\/www.demokratie-geschichte.de\/index.php\/wp-json\/wp\/v2\/types\/page"}],"author":[{"embeddable":true,"href":"https:\/\/www.demokratie-geschichte.de\/index.php\/wp-json\/wp\/v2\/users\/1"}],"replies":[{"embeddable":true,"href":"https:\/\/www.demokratie-geschichte.de\/index.php\/wp-json\/wp\/v2\/comments?post=9724"}],"version-history":[{"count":13,"href":"https:\/\/www.demokratie-geschichte.de\/index.php\/wp-json\/wp\/v2\/pages\/9724\/revisions"}],"predecessor-version":[{"id":13316,"href":"https:\/\/www.demokratie-geschichte.de\/index.php\/wp-json\/wp\/v2\/pages\/9724\/revisions\/13316"}],"wp:attachment":[{"href":"https:\/\/www.demokratie-geschichte.de\/index.php\/wp-json\/wp\/v2\/media?parent=9724"}],"wp:term":[{"taxonomy":"category","embeddable":true,"href":"https:\/\/www.demokratie-geschichte.de\/index.php\/wp-json\/wp\/v2\/categories?post=9724"},{"taxonomy":"post_tag","embeddable":true,"href":"https:\/\/www.demokratie-geschichte.de\/index.php\/wp-json\/wp\/v2\/tags?post=9724"}],"curies":[{"name":"wp","href":"https:\/\/api.w.org\/{rel}","templated":true}]}}