{"id":9722,"date":"2024-05-20T00:20:23","date_gmt":"2024-05-19T22:20:23","guid":{"rendered":"https:\/\/www.demokratie-geschichte.de\/index.php\/?page_id=9722"},"modified":"2026-05-07T12:22:42","modified_gmt":"2026-05-07T10:22:42","slug":"foerderung-beantragen","status":"publish","type":"page","link":"https:\/\/www.demokratie-geschichte.de\/index.php\/foerderung-beantragen\/","title":{"rendered":"F\u00f6rderung beantragen"},"content":{"rendered":"\n<h1 class=\"wp-block-heading has-text-align-center has-black-color has-text-color has-background has-link-color wp-elements-e01ba0bebac95aac8eee36d2afdaa966\" style=\"background-color:#fecd00\"><strong><strong>F\u00f6rderaufruf 2027\/2028<\/strong><\/strong><\/h1>\n\n\n\n<p><\/p>\n\n\n\n<p>Unser zentrales Anliegen ist es, deutschlandweit Menschen zur Auseinandersetzung mit der deutschen Demokratiegeschichte und ihren Orten anzuregen. Wir wollen historische Ereignisse der deutschen Demokratiegeschichte erlebbar machen, neue Zielgruppen erschlie\u00dfen und die Auseinandersetzung mit der Geschichte unserer Demokratie f\u00f6rdern \u2013 sowohl vor Ort als auch im digitalen Raum. Daher f\u00f6rdern wir Projekte, die dieses Ziel verfolgen.<\/p>\n\n\n\n<h2 class=\"wp-block-heading\"><strong>Thematische Schwerpunkte<\/strong><\/h2>\n\n\n\n<p>F\u00fcr den F\u00f6rderaufruf 2027\/2028 werden keine verpflichtenden Themenschwerpunkte vorgegeben. Gleichwohl sollen gezielt inhaltliche Impulse gesetzt und insbesondere Projekte gef\u00f6rdert werden, die:<\/p>\n\n\n\n<ul class=\"wp-block-list\">\n<li>digitale Vermittlungsformate entwickeln und umsetzen (z. B. Serious Games, digitale Lernangebote, Plattformen oder Rundg\u00e4nge),<\/li>\n\n\n\n<li>sich an bedeutenden Jahrestagen der Demokratiegeschichte orientieren, etwa:\n<ul class=\"wp-block-list\">\n<li>anl\u00e4sslich des 50. Jahrestages der Gorleben-Proteste Projekte zur Anti-Atomkraft-Bewegung sowie zu verwandten Umwelt- und B\u00fcrgerprotesten in Deutschland,<\/li>\n\n\n\n<li>75 Jahre Volksaufstand in der DDR (1953),<\/li>\n\n\n\n<li>80 Jahre Luftbr\u00fccke (1948\/49),<\/li>\n\n\n\n<li>60 Jahre 1968 \u2013 ein Jahr politischer Proteste und gesellschaftlicher Ver\u00e4nderungen,<\/li>\n<\/ul>\n<\/li>\n\n\n\n<li>den 18. M\u00e4rz als Aktionstag der Demokratiegeschichte einbeziehen, beispielsweise durch entsprechende Programmpunkte oder Veranstaltungen innerhalb des Projekts. Zur Inspiration k\u00f6nnen die <a href=\"https:\/\/tag-der-demokratie-geschichte.de\/#veranstaltungen\">Aktivit\u00e4ten des letzten \u201eTages der Demokratiegeschichte\u201c<\/a> dienen<a href=\"https:\/\/tag-der-demokratie-geschichte.de\/#veranstaltungen\">.<\/a><\/li>\n<\/ul>\n\n\n\n<h2 class=\"wp-block-heading\"><strong>Projektlaufzeiten<\/strong><\/h2>\n\n\n\n<ul class=\"wp-block-list\">\n<li>Einj\u00e4hrige Projekte starten zum 1. Januar 2027 und m\u00fcssen bis zum 31. Dezember 2027 abgeschlossen sein.<\/li>\n\n\n\n<li>\u00dcberj\u00e4hrige Projekte starten zum 1. Januar 2027 und enden sp\u00e4testens am 31. Dezember 2028.<\/li>\n<\/ul>\n\n\n\n<h2 class=\"wp-block-heading\"><strong>Antragstellung und wichtige Informationen<\/strong><\/h2>\n\n\n\n<p>\u00dcberschreitet die beantragte F\u00f6rdersumme 90.000 Euro, ist im Rahmen der Antragstellung verpflichtend ein detailliertes Projektkonzept einzureichen. Dieses ist zus\u00e4tzlich zu den in der Antragsmaske der F\u00f6rderdatenbank erfassten Angaben vorzulegen und soll die dort abgefragten Inhalte vertiefend ausf\u00fchren.<\/p>\n\n\n\n<p>Projektideen k\u00f6nnen bis zum <strong>27. Juli 2026 (23:59:59 Uhr)<\/strong> online \u00fcber unsere F\u00f6rderdatenbank eingereicht werden: <\/p>\n\n\n\n<p><strong>Die Antragstellung hat verpflichtend \u00fcber die F\u00f6rderdatenbank zu erfolgen. Dabei sind ausschlie\u00dflich die dort bereitgestellten Formulare (insbesondere Antragsformular, Finanzierungsplan etc.) zu verwenden.<\/strong> <\/p>\n\n\n\n<p><a href=\"https:\/\/demokratie-geschichte.antragsverwaltung.de\/login.php\">Hier finden Sie unsere F\u00f6rderdatenbank.<\/a><\/p>\n\n\n\n<p><strong>Antr\u00e4ge, die nicht \u00fcber die F\u00f6rderdatenbank eingereicht werden oder bei denen abweichende Formulare verwendet werden, sind formal von der F\u00f6rderung ausgeschlossen.<\/strong><\/p>\n\n\n\n<p>Unsere F\u00f6rdergrunds\u00e4tze mit wichtigen Informationen zur Antragsberechtigung und F\u00f6rderf\u00e4higkeit von Projekten finden Sie unter &#8222;<a href=\"https:\/\/www.demokratie-geschichte.de\/foerdergrundsaetze\/\">F\u00f6rdergrunds\u00e4tze<\/a>&#8220; <\/p>\n\n\n\n<p>Weitergehende Informationen zur Antragstellung und Projektf\u00f6rderung finden Sie in unseren <a href=\"https:\/\/www.demokratie-geschichte.de\/faq-zur-foerderung\/\">FAQs<\/a>.<\/p>\n\n\n\n<h2 class=\"wp-block-heading\"><strong>Kontakt<\/strong><\/h2>\n\n\n\n<p>David Barth \u2013 F\u00f6rderreferent<br>E-Mail: <a href=\"mailto:d.barth@dnb.de\">d.barth@dnb.de<\/a> <br>Telefon: +49 (0)69 1525 1252<\/p>\n\n\n\n<p><\/p>\n","protected":false},"excerpt":{"rendered":"<p>F\u00f6rderaufruf 2027\/2028 Unser zentrales Anliegen ist es, deutschlandweit Menschen zur Auseinandersetzung mit der deutschen Demokratiegeschichte und ihren Orten anzuregen. Wir wollen historische Ereignisse der deutschen Demokratiegeschichte erlebbar machen, neue Zielgruppen erschlie\u00dfen und die Auseinandersetzung mit der Geschichte unserer Demokratie f\u00f6rdern \u2013 sowohl vor Ort als auch im digitalen Raum. Daher f\u00f6rdern wir Projekte, die dieses [&hellip;]<\/p>\n","protected":false},"author":1,"featured_media":0,"parent":0,"menu_order":27,"comment_status":"closed","ping_status":"closed","template":"","meta":{"footnotes":""},"categories":[],"tags":[],"class_list":["post-9722","page","type-page","status-publish","hentry"],"yoast_head":"<!-- This site is optimized with the Yoast SEO plugin v23.5 - https:\/\/yoast.com\/wordpress\/plugins\/seo\/ -->\n<title>F\u00f6rderung beantragen - Stiftung Orte der deutschen Demokratiegeschichte<\/title>\n<meta name=\"description\" content=\"Die Stiftung Orte der deutschen Demokratiegeschichte vergibt F\u00f6rdermittel, um innovative, barrierearme und breitenwirksame Beitr\u00e4ge zu Orten der Demokratiegeschichte zu f\u00f6rdern.\" \/>\n<meta name=\"robots\" content=\"index, follow, max-snippet:-1, max-image-preview:large, max-video-preview:-1\" \/>\n<link rel=\"canonical\" href=\"https:\/\/www.demokratie-geschichte.de\/index.php\/foerderung-beantragen\/\" \/>\n<meta property=\"og:locale\" content=\"de_DE\" \/>\n<meta property=\"og:type\" content=\"article\" \/>\n<meta property=\"og:title\" content=\"F\u00f6rderung beantragen - Stiftung Orte der deutschen Demokratiegeschichte\" \/>\n<meta property=\"og:description\" content=\"Die Stiftung Orte der deutschen Demokratiegeschichte vergibt F\u00f6rdermittel, um innovative, barrierearme und breitenwirksame Beitr\u00e4ge zu Orten der Demokratiegeschichte zu f\u00f6rdern.\" \/>\n<meta property=\"og:url\" content=\"https:\/\/www.demokratie-geschichte.de\/index.php\/foerderung-beantragen\/\" \/>\n<meta property=\"og:site_name\" content=\"Stiftung Orte der deutschen Demokratiegeschichte\" \/>\n<meta property=\"article:modified_time\" content=\"2026-05-07T10:22:42+00:00\" \/>\n<meta name=\"twitter:card\" content=\"summary_large_image\" \/>\n<meta name=\"twitter:label1\" content=\"Gesch\u00e4tzte Lesezeit\" \/>\n\t<meta name=\"twitter:data1\" content=\"2\u00a0Minuten\" \/>\n<script type=\"application\/ld+json\" class=\"yoast-schema-graph\">{\"@context\":\"https:\/\/schema.org\",\"@graph\":[{\"@type\":\"WebPage\",\"@id\":\"https:\/\/www.demokratie-geschichte.de\/index.php\/foerderung-beantragen\/\",\"url\":\"https:\/\/www.demokratie-geschichte.de\/index.php\/foerderung-beantragen\/\",\"name\":\"F\u00f6rderung beantragen - Stiftung Orte der deutschen Demokratiegeschichte\",\"isPartOf\":{\"@id\":\"https:\/\/www.demokratie-geschichte.de\/index.php\/#website\"},\"datePublished\":\"2024-05-19T22:20:23+00:00\",\"dateModified\":\"2026-05-07T10:22:42+00:00\",\"description\":\"Die Stiftung Orte der deutschen Demokratiegeschichte vergibt F\u00f6rdermittel, um innovative, barrierearme und breitenwirksame Beitr\u00e4ge zu Orten der Demokratiegeschichte zu f\u00f6rdern.\",\"breadcrumb\":{\"@id\":\"https:\/\/www.demokratie-geschichte.de\/index.php\/foerderung-beantragen\/#breadcrumb\"},\"inLanguage\":\"de\",\"potentialAction\":[{\"@type\":\"ReadAction\",\"target\":[\"https:\/\/www.demokratie-geschichte.de\/index.php\/foerderung-beantragen\/\"]}]},{\"@type\":\"BreadcrumbList\",\"@id\":\"https:\/\/www.demokratie-geschichte.de\/index.php\/foerderung-beantragen\/#breadcrumb\",\"itemListElement\":[{\"@type\":\"ListItem\",\"position\":1,\"name\":\"Startseite\",\"item\":\"https:\/\/www.demokratie-geschichte.de\/index.php\/\"},{\"@type\":\"ListItem\",\"position\":2,\"name\":\"F\u00f6rderung beantragen\"}]},{\"@type\":\"WebSite\",\"@id\":\"https:\/\/www.demokratie-geschichte.de\/index.php\/#website\",\"url\":\"https:\/\/www.demokratie-geschichte.de\/index.php\/\",\"name\":\"Stiftung Orte der deutschen Demokratiegeschichte\",\"description\":\"\",\"potentialAction\":[{\"@type\":\"SearchAction\",\"target\":{\"@type\":\"EntryPoint\",\"urlTemplate\":\"https:\/\/www.demokratie-geschichte.de\/index.php\/?s={search_term_string}\"},\"query-input\":{\"@type\":\"PropertyValueSpecification\",\"valueRequired\":true,\"valueName\":\"search_term_string\"}}],\"inLanguage\":\"de\"}]}<\/script>\n<!-- \/ Yoast SEO plugin. -->","yoast_head_json":{"title":"F\u00f6rderung beantragen - Stiftung Orte der deutschen Demokratiegeschichte","description":"Die Stiftung Orte der deutschen Demokratiegeschichte vergibt F\u00f6rdermittel, um innovative, barrierearme und breitenwirksame Beitr\u00e4ge zu Orten der Demokratiegeschichte zu f\u00f6rdern.","robots":{"index":"index","follow":"follow","max-snippet":"max-snippet:-1","max-image-preview":"max-image-preview:large","max-video-preview":"max-video-preview:-1"},"canonical":"https:\/\/www.demokratie-geschichte.de\/index.php\/foerderung-beantragen\/","og_locale":"de_DE","og_type":"article","og_title":"F\u00f6rderung beantragen - Stiftung Orte der deutschen Demokratiegeschichte","og_description":"Die Stiftung Orte der deutschen Demokratiegeschichte vergibt F\u00f6rdermittel, um innovative, barrierearme und breitenwirksame Beitr\u00e4ge zu Orten der Demokratiegeschichte zu f\u00f6rdern.","og_url":"https:\/\/www.demokratie-geschichte.de\/index.php\/foerderung-beantragen\/","og_site_name":"Stiftung Orte der deutschen Demokratiegeschichte","article_modified_time":"2026-05-07T10:22:42+00:00","twitter_card":"summary_large_image","twitter_misc":{"Gesch\u00e4tzte Lesezeit":"2\u00a0Minuten"},"schema":{"@context":"https:\/\/schema.org","@graph":[{"@type":"WebPage","@id":"https:\/\/www.demokratie-geschichte.de\/index.php\/foerderung-beantragen\/","url":"https:\/\/www.demokratie-geschichte.de\/index.php\/foerderung-beantragen\/","name":"F\u00f6rderung beantragen - Stiftung Orte der deutschen Demokratiegeschichte","isPartOf":{"@id":"https:\/\/www.demokratie-geschichte.de\/index.php\/#website"},"datePublished":"2024-05-19T22:20:23+00:00","dateModified":"2026-05-07T10:22:42+00:00","description":"Die Stiftung Orte der deutschen Demokratiegeschichte vergibt F\u00f6rdermittel, um innovative, barrierearme und breitenwirksame Beitr\u00e4ge zu Orten der Demokratiegeschichte zu f\u00f6rdern.","breadcrumb":{"@id":"https:\/\/www.demokratie-geschichte.de\/index.php\/foerderung-beantragen\/#breadcrumb"},"inLanguage":"de","potentialAction":[{"@type":"ReadAction","target":["https:\/\/www.demokratie-geschichte.de\/index.php\/foerderung-beantragen\/"]}]},{"@type":"BreadcrumbList","@id":"https:\/\/www.demokratie-geschichte.de\/index.php\/foerderung-beantragen\/#breadcrumb","itemListElement":[{"@type":"ListItem","position":1,"name":"Startseite","item":"https:\/\/www.demokratie-geschichte.de\/index.php\/"},{"@type":"ListItem","position":2,"name":"F\u00f6rderung beantragen"}]},{"@type":"WebSite","@id":"https:\/\/www.demokratie-geschichte.de\/index.php\/#website","url":"https:\/\/www.demokratie-geschichte.de\/index.php\/","name":"Stiftung Orte der deutschen Demokratiegeschichte","description":"","potentialAction":[{"@type":"SearchAction","target":{"@type":"EntryPoint","urlTemplate":"https:\/\/www.demokratie-geschichte.de\/index.php\/?s={search_term_string}"},"query-input":{"@type":"PropertyValueSpecification","valueRequired":true,"valueName":"search_term_string"}}],"inLanguage":"de"}]}},"wps_subtitle":"","_links":{"self":[{"href":"https:\/\/www.demokratie-geschichte.de\/index.php\/wp-json\/wp\/v2\/pages\/9722","targetHints":{"allow":["GET"]}}],"collection":[{"href":"https:\/\/www.demokratie-geschichte.de\/index.php\/wp-json\/wp\/v2\/pages"}],"about":[{"href":"https:\/\/www.demokratie-geschichte.de\/index.php\/wp-json\/wp\/v2\/types\/page"}],"author":[{"embeddable":true,"href":"https:\/\/www.demokratie-geschichte.de\/index.php\/wp-json\/wp\/v2\/users\/1"}],"replies":[{"embeddable":true,"href":"https:\/\/www.demokratie-geschichte.de\/index.php\/wp-json\/wp\/v2\/comments?post=9722"}],"version-history":[{"count":45,"href":"https:\/\/www.demokratie-geschichte.de\/index.php\/wp-json\/wp\/v2\/pages\/9722\/revisions"}],"predecessor-version":[{"id":13798,"href":"https:\/\/www.demokratie-geschichte.de\/index.php\/wp-json\/wp\/v2\/pages\/9722\/revisions\/13798"}],"wp:attachment":[{"href":"https:\/\/www.demokratie-geschichte.de\/index.php\/wp-json\/wp\/v2\/media?parent=9722"}],"wp:term":[{"taxonomy":"category","embeddable":true,"href":"https:\/\/www.demokratie-geschichte.de\/index.php\/wp-json\/wp\/v2\/categories?post=9722"},{"taxonomy":"post_tag","embeddable":true,"href":"https:\/\/www.demokratie-geschichte.de\/index.php\/wp-json\/wp\/v2\/tags?post=9722"}],"curies":[{"name":"wp","href":"https:\/\/api.w.org\/{rel}","templated":true}]}}