{"id":9720,"date":"2024-05-20T00:19:24","date_gmt":"2024-05-19T22:19:24","guid":{"rendered":"https:\/\/www.demokratie-geschichte.de\/index.php\/?page_id=9720"},"modified":"2025-10-01T12:36:51","modified_gmt":"2025-10-01T10:36:51","slug":"foerdergrundsaetze","status":"publish","type":"page","link":"https:\/\/www.demokratie-geschichte.de\/index.php\/foerdergrundsaetze\/","title":{"rendered":"F\u00f6rdergrunds\u00e4tze"},"content":{"rendered":"\n<p>Unser zentrales Anliegen ist es, deutschlandweit Menschen zur Auseinandersetzung mit der deutschen Demokratiegeschichte und ihren Orten anzuregen. Daher f\u00f6rdern wir Projekte, die dieses Ziel verfolgen.<\/p>\n\n\n\n<h2 class=\"wp-block-heading\">Was f\u00f6rdern wir?<\/h2>\n\n\n\n<p>Wir f\u00f6rdern innovative, barrierearme, breitenwirksame Projekte der historisch-politischen und kulturellen Bildungsarbeit mit gesamtgesellschaftlicher Relevanz und Bezug zu Orten der deutschen Demokratiegeschichte.<\/p>\n\n\n\n<h2 class=\"wp-block-heading\">Wie f\u00f6rdern wir?<\/h2>\n\n\n\n<p>Am Pr\u00fcfverfahren der F\u00f6rderantr\u00e4ge und an der Entscheidungsfindung sind alle Organe der Stiftung beteiligt: Gesch\u00e4ftsstelle, Stiftungsbeirat und Stiftungsrat. Die Gesch\u00e4ftsstelle pr\u00fcft die eingereichten Unterlagen in einem zweistufigen Verfahren:<\/p>\n\n\n\n<p><strong>Stufe 1.<\/strong> Die Gesch\u00e4ftsstelle pr\u00fcft die vollst\u00e4ndig und fristgerecht eingereichten Antr\u00e4ge auf formale Kriterien.<\/p>\n\n\n\n<p><strong>Stufe 2. <\/strong>Die Gesch\u00e4ftsstelle bewertet die F\u00f6rderantr\u00e4ge entsprechend fachlicher Kriterien, wie Qualit\u00e4t des Konzeptes, Leistungsf\u00e4higkeit der Organisation und Qualit\u00e4t der Finanzierung.<\/p>\n\n\n\n<p>Nach Abschluss der Pr\u00fcfung erstellt die Gesch\u00e4ftsstelle F\u00f6rdervorschl\u00e4ge f\u00fcr die beiden Stiftungsgremien. Der Stiftungsbeirat ber\u00e4t auf Basis dieser Vorschl\u00e4ge und erarbeitet entsprechende F\u00f6rderempfehlungen. Auf deren Grundlage trifft der Stiftungsrat die endg\u00fcltige Entscheidung \u00fcber die zu f\u00f6rdernden Projekte.<\/p>\n\n\n\n<p>Bitte entnehmen Sie die verbindlichen und detaillierten Bedingungen der Projektf\u00f6rderung unseren aktuellen F\u00f6rdergrunds\u00e4tzen und den Anlagen:<\/p>\n\n\n\n<ul class=\"wp-block-list\">\n<li><a href=\"https:\/\/www.demokratie-geschichte.de\/wp-content\/uploads\/2025\/06\/SODG_Foerdergrundsaetze.pdf\">F\u00f6rdergrunds\u00e4tze der Stiftung Orte der deutschen Demokratiegeschichte (Stand: April 2025)<\/a><\/li>\n\n\n\n<li><a href=\"https:\/\/www.demokratie-geschichte.de\/wp-content\/uploads\/2025\/05\/SODG_Anlage_Personal_und_Sachausgaben.pdf\">Anlage zu Personal- und Sachausgaben (Stand: April 2025)<\/a><\/li>\n<\/ul>\n","protected":false},"excerpt":{"rendered":"<p>Unser zentrales Anliegen ist es, deutschlandweit Menschen zur Auseinandersetzung mit der deutschen Demokratiegeschichte und ihren Orten anzuregen. Daher f\u00f6rdern wir Projekte, die dieses Ziel verfolgen. Was f\u00f6rdern wir? Wir f\u00f6rdern innovative, barrierearme, breitenwirksame Projekte der historisch-politischen und kulturellen Bildungsarbeit mit gesamtgesellschaftlicher Relevanz und Bezug zu Orten der deutschen Demokratiegeschichte. Wie f\u00f6rdern wir? Am Pr\u00fcfverfahren der [&hellip;]<\/p>\n","protected":false},"author":1,"featured_media":0,"parent":0,"menu_order":27,"comment_status":"closed","ping_status":"closed","template":"","meta":{"footnotes":""},"categories":[],"tags":[],"class_list":["post-9720","page","type-page","status-publish","hentry"],"yoast_head":"<!-- This site is optimized with the Yoast SEO plugin v23.5 - https:\/\/yoast.com\/wordpress\/plugins\/seo\/ -->\n<title>F\u00f6rdergrunds\u00e4tze - Stiftung Orte der deutschen Demokratiegeschichte<\/title>\n<meta name=\"robots\" content=\"index, follow, max-snippet:-1, max-image-preview:large, max-video-preview:-1\" \/>\n<link rel=\"canonical\" href=\"https:\/\/www.demokratie-geschichte.de\/index.php\/foerdergrundsaetze\/\" \/>\n<meta property=\"og:locale\" content=\"de_DE\" \/>\n<meta property=\"og:type\" content=\"article\" \/>\n<meta property=\"og:title\" content=\"F\u00f6rdergrunds\u00e4tze - Stiftung Orte der deutschen Demokratiegeschichte\" \/>\n<meta property=\"og:description\" content=\"Unser zentrales Anliegen ist es, deutschlandweit Menschen zur Auseinandersetzung mit der deutschen Demokratiegeschichte und ihren Orten anzuregen. Daher f\u00f6rdern wir Projekte, die dieses Ziel verfolgen. Was f\u00f6rdern wir? Wir f\u00f6rdern innovative, barrierearme, breitenwirksame Projekte der historisch-politischen und kulturellen Bildungsarbeit mit gesamtgesellschaftlicher Relevanz und Bezug zu Orten der deutschen Demokratiegeschichte. Wie f\u00f6rdern wir? Am Pr\u00fcfverfahren der [&hellip;]\" \/>\n<meta property=\"og:url\" content=\"https:\/\/www.demokratie-geschichte.de\/index.php\/foerdergrundsaetze\/\" \/>\n<meta property=\"og:site_name\" content=\"Stiftung Orte der deutschen Demokratiegeschichte\" \/>\n<meta property=\"article:modified_time\" content=\"2025-10-01T10:36:51+00:00\" \/>\n<meta name=\"twitter:card\" content=\"summary_large_image\" \/>\n<meta name=\"twitter:label1\" content=\"Gesch\u00e4tzte Lesezeit\" \/>\n\t<meta name=\"twitter:data1\" content=\"2\u00a0Minuten\" \/>\n<script type=\"application\/ld+json\" class=\"yoast-schema-graph\">{\"@context\":\"https:\/\/schema.org\",\"@graph\":[{\"@type\":\"WebPage\",\"@id\":\"https:\/\/www.demokratie-geschichte.de\/index.php\/foerdergrundsaetze\/\",\"url\":\"https:\/\/www.demokratie-geschichte.de\/index.php\/foerdergrundsaetze\/\",\"name\":\"F\u00f6rdergrunds\u00e4tze - Stiftung Orte der deutschen Demokratiegeschichte\",\"isPartOf\":{\"@id\":\"https:\/\/www.demokratie-geschichte.de\/index.php\/#website\"},\"datePublished\":\"2024-05-19T22:19:24+00:00\",\"dateModified\":\"2025-10-01T10:36:51+00:00\",\"breadcrumb\":{\"@id\":\"https:\/\/www.demokratie-geschichte.de\/index.php\/foerdergrundsaetze\/#breadcrumb\"},\"inLanguage\":\"de\",\"potentialAction\":[{\"@type\":\"ReadAction\",\"target\":[\"https:\/\/www.demokratie-geschichte.de\/index.php\/foerdergrundsaetze\/\"]}]},{\"@type\":\"BreadcrumbList\",\"@id\":\"https:\/\/www.demokratie-geschichte.de\/index.php\/foerdergrundsaetze\/#breadcrumb\",\"itemListElement\":[{\"@type\":\"ListItem\",\"position\":1,\"name\":\"Startseite\",\"item\":\"https:\/\/www.demokratie-geschichte.de\/index.php\/\"},{\"@type\":\"ListItem\",\"position\":2,\"name\":\"F\u00f6rdergrunds\u00e4tze\"}]},{\"@type\":\"WebSite\",\"@id\":\"https:\/\/www.demokratie-geschichte.de\/index.php\/#website\",\"url\":\"https:\/\/www.demokratie-geschichte.de\/index.php\/\",\"name\":\"Stiftung Orte der deutschen Demokratiegeschichte\",\"description\":\"\",\"potentialAction\":[{\"@type\":\"SearchAction\",\"target\":{\"@type\":\"EntryPoint\",\"urlTemplate\":\"https:\/\/www.demokratie-geschichte.de\/index.php\/?s={search_term_string}\"},\"query-input\":{\"@type\":\"PropertyValueSpecification\",\"valueRequired\":true,\"valueName\":\"search_term_string\"}}],\"inLanguage\":\"de\"}]}<\/script>\n<!-- \/ Yoast SEO plugin. -->","yoast_head_json":{"title":"F\u00f6rdergrunds\u00e4tze - Stiftung Orte der deutschen Demokratiegeschichte","robots":{"index":"index","follow":"follow","max-snippet":"max-snippet:-1","max-image-preview":"max-image-preview:large","max-video-preview":"max-video-preview:-1"},"canonical":"https:\/\/www.demokratie-geschichte.de\/index.php\/foerdergrundsaetze\/","og_locale":"de_DE","og_type":"article","og_title":"F\u00f6rdergrunds\u00e4tze - Stiftung Orte der deutschen Demokratiegeschichte","og_description":"Unser zentrales Anliegen ist es, deutschlandweit Menschen zur Auseinandersetzung mit der deutschen Demokratiegeschichte und ihren Orten anzuregen. Daher f\u00f6rdern wir Projekte, die dieses Ziel verfolgen. Was f\u00f6rdern wir? Wir f\u00f6rdern innovative, barrierearme, breitenwirksame Projekte der historisch-politischen und kulturellen Bildungsarbeit mit gesamtgesellschaftlicher Relevanz und Bezug zu Orten der deutschen Demokratiegeschichte. Wie f\u00f6rdern wir? Am Pr\u00fcfverfahren der [&hellip;]","og_url":"https:\/\/www.demokratie-geschichte.de\/index.php\/foerdergrundsaetze\/","og_site_name":"Stiftung Orte der deutschen Demokratiegeschichte","article_modified_time":"2025-10-01T10:36:51+00:00","twitter_card":"summary_large_image","twitter_misc":{"Gesch\u00e4tzte Lesezeit":"2\u00a0Minuten"},"schema":{"@context":"https:\/\/schema.org","@graph":[{"@type":"WebPage","@id":"https:\/\/www.demokratie-geschichte.de\/index.php\/foerdergrundsaetze\/","url":"https:\/\/www.demokratie-geschichte.de\/index.php\/foerdergrundsaetze\/","name":"F\u00f6rdergrunds\u00e4tze - Stiftung Orte der deutschen Demokratiegeschichte","isPartOf":{"@id":"https:\/\/www.demokratie-geschichte.de\/index.php\/#website"},"datePublished":"2024-05-19T22:19:24+00:00","dateModified":"2025-10-01T10:36:51+00:00","breadcrumb":{"@id":"https:\/\/www.demokratie-geschichte.de\/index.php\/foerdergrundsaetze\/#breadcrumb"},"inLanguage":"de","potentialAction":[{"@type":"ReadAction","target":["https:\/\/www.demokratie-geschichte.de\/index.php\/foerdergrundsaetze\/"]}]},{"@type":"BreadcrumbList","@id":"https:\/\/www.demokratie-geschichte.de\/index.php\/foerdergrundsaetze\/#breadcrumb","itemListElement":[{"@type":"ListItem","position":1,"name":"Startseite","item":"https:\/\/www.demokratie-geschichte.de\/index.php\/"},{"@type":"ListItem","position":2,"name":"F\u00f6rdergrunds\u00e4tze"}]},{"@type":"WebSite","@id":"https:\/\/www.demokratie-geschichte.de\/index.php\/#website","url":"https:\/\/www.demokratie-geschichte.de\/index.php\/","name":"Stiftung Orte der deutschen Demokratiegeschichte","description":"","potentialAction":[{"@type":"SearchAction","target":{"@type":"EntryPoint","urlTemplate":"https:\/\/www.demokratie-geschichte.de\/index.php\/?s={search_term_string}"},"query-input":{"@type":"PropertyValueSpecification","valueRequired":true,"valueName":"search_term_string"}}],"inLanguage":"de"}]}},"wps_subtitle":"","_links":{"self":[{"href":"https:\/\/www.demokratie-geschichte.de\/index.php\/wp-json\/wp\/v2\/pages\/9720","targetHints":{"allow":["GET"]}}],"collection":[{"href":"https:\/\/www.demokratie-geschichte.de\/index.php\/wp-json\/wp\/v2\/pages"}],"about":[{"href":"https:\/\/www.demokratie-geschichte.de\/index.php\/wp-json\/wp\/v2\/types\/page"}],"author":[{"embeddable":true,"href":"https:\/\/www.demokratie-geschichte.de\/index.php\/wp-json\/wp\/v2\/users\/1"}],"replies":[{"embeddable":true,"href":"https:\/\/www.demokratie-geschichte.de\/index.php\/wp-json\/wp\/v2\/comments?post=9720"}],"version-history":[{"count":5,"href":"https:\/\/www.demokratie-geschichte.de\/index.php\/wp-json\/wp\/v2\/pages\/9720\/revisions"}],"predecessor-version":[{"id":12609,"href":"https:\/\/www.demokratie-geschichte.de\/index.php\/wp-json\/wp\/v2\/pages\/9720\/revisions\/12609"}],"wp:attachment":[{"href":"https:\/\/www.demokratie-geschichte.de\/index.php\/wp-json\/wp\/v2\/media?parent=9720"}],"wp:term":[{"taxonomy":"category","embeddable":true,"href":"https:\/\/www.demokratie-geschichte.de\/index.php\/wp-json\/wp\/v2\/categories?post=9720"},{"taxonomy":"post_tag","embeddable":true,"href":"https:\/\/www.demokratie-geschichte.de\/index.php\/wp-json\/wp\/v2\/tags?post=9720"}],"curies":[{"name":"wp","href":"https:\/\/api.w.org\/{rel}","templated":true}]}}