{"id":9718,"date":"2024-05-19T23:58:54","date_gmt":"2024-05-19T21:58:54","guid":{"rendered":"https:\/\/www.demokratie-geschichte.de\/index.php\/?page_id=9718"},"modified":"2026-02-20T08:32:44","modified_gmt":"2026-02-20T07:32:44","slug":"barrierefreiheit","status":"publish","type":"page","link":"https:\/\/www.demokratie-geschichte.de\/index.php\/barrierefreiheit\/","title":{"rendered":"Barrierefreiheit"},"content":{"rendered":"\n<p>Die Stiftung Orte der deutschen Demokratiegeschichte hat die Website <a href=\"http:\/\/www.demokratie-geschichte.de\">www.demokratie-geschichte.de<\/a> im Mai 2024 \u00fcbernommen. Es ist uns bewusst, dass die Seite in gro\u00dfen Teilen nicht barrierefrei gestaltet ist. Im Zuge einer f\u00fcr das Jahr 2027 geplanten umfassenden \u00dcberarbeitung der Seitengestaltung werden wir unsere Website gem\u00e4\u00df den gesetzlichen Regelungen des Behindertengleichstellungsgesetzes des Bundes (BGG) sowie der Barrierefreien-Informationstechnik-Verordnung (BITV 2.0) zur Umsetzung der EU-Richtlinie 2016\/2102 des Europ\u00e4ischen Parlaments und des Rates barrierefrei nutzbar machen.<\/p>\n\n\n\n<p>Wenn Sie Fragen zur Umsetzung der Barrierefreiheit auf der Website der Stiftung haben, wenden Sie sich bitte per E-Mail an <a href=\"mailto:demokratiegeschichte@dnb.de\">demokratiegeschichte@dnb.de<\/a> oder telefonisch an 069 1525 1254. <\/p>\n","protected":false},"excerpt":{"rendered":"<p>Die Stiftung Orte der deutschen Demokratiegeschichte hat die Website www.demokratie-geschichte.de im Mai 2024 \u00fcbernommen. Es ist uns bewusst, dass die Seite in gro\u00dfen Teilen nicht barrierefrei gestaltet ist. Im Zuge einer f\u00fcr das Jahr 2027 geplanten umfassenden \u00dcberarbeitung der Seitengestaltung werden wir unsere Website gem\u00e4\u00df den gesetzlichen Regelungen des Behindertengleichstellungsgesetzes des Bundes (BGG) sowie der [&hellip;]<\/p>\n","protected":false},"author":1,"featured_media":0,"parent":0,"menu_order":30,"comment_status":"closed","ping_status":"closed","template":"","meta":{"_acf_changed":false,"footnotes":""},"categories":[],"tags":[],"class_list":["post-9718","page","type-page","status-publish","hentry"],"acf":[],"yoast_head":"<!-- This site is optimized with the Yoast SEO plugin v27.6 - https:\/\/yoast.com\/product\/yoast-seo-wordpress\/ -->\n<title>Barrierefreiheit - Stiftung Orte der deutschen Demokratiegeschichte<\/title>\n<meta name=\"robots\" content=\"index, follow, max-snippet:-1, max-image-preview:large, max-video-preview:-1\" \/>\n<link rel=\"canonical\" href=\"https:\/\/www.demokratie-geschichte.de\/index.php\/barrierefreiheit\/\" \/>\n<meta property=\"og:locale\" content=\"de_DE\" \/>\n<meta property=\"og:type\" content=\"article\" \/>\n<meta property=\"og:title\" content=\"Barrierefreiheit - Stiftung Orte der deutschen Demokratiegeschichte\" \/>\n<meta property=\"og:description\" content=\"Die Stiftung Orte der deutschen Demokratiegeschichte hat die Website www.demokratie-geschichte.de im Mai 2024 \u00fcbernommen. Es ist uns bewusst, dass die Seite in gro\u00dfen Teilen nicht barrierefrei gestaltet ist. Im Zuge einer f\u00fcr das Jahr 2027 geplanten umfassenden \u00dcberarbeitung der Seitengestaltung werden wir unsere Website gem\u00e4\u00df den gesetzlichen Regelungen des Behindertengleichstellungsgesetzes des Bundes (BGG) sowie der [&hellip;]\" \/>\n<meta property=\"og:url\" content=\"https:\/\/www.demokratie-geschichte.de\/index.php\/barrierefreiheit\/\" \/>\n<meta property=\"og:site_name\" content=\"Stiftung Orte der deutschen Demokratiegeschichte\" \/>\n<meta property=\"article:modified_time\" content=\"2026-02-20T07:32:44+00:00\" \/>\n<meta name=\"twitter:card\" content=\"summary_large_image\" \/>\n<meta name=\"twitter:label1\" content=\"Gesch\u00e4tzte Lesezeit\" \/>\n\t<meta name=\"twitter:data1\" content=\"1\u00a0Minute\" \/>\n<script type=\"application\/ld+json\" class=\"yoast-schema-graph\">{\"@context\":\"https:\\\/\\\/schema.org\",\"@graph\":[{\"@type\":\"WebPage\",\"@id\":\"https:\\\/\\\/www.demokratie-geschichte.de\\\/index.php\\\/barrierefreiheit\\\/\",\"url\":\"https:\\\/\\\/www.demokratie-geschichte.de\\\/index.php\\\/barrierefreiheit\\\/\",\"name\":\"Barrierefreiheit - Stiftung Orte der deutschen Demokratiegeschichte\",\"isPartOf\":{\"@id\":\"https:\\\/\\\/www.demokratie-geschichte.de\\\/index.php\\\/#website\"},\"datePublished\":\"2024-05-19T21:58:54+00:00\",\"dateModified\":\"2026-02-20T07:32:44+00:00\",\"breadcrumb\":{\"@id\":\"https:\\\/\\\/www.demokratie-geschichte.de\\\/index.php\\\/barrierefreiheit\\\/#breadcrumb\"},\"inLanguage\":\"de\",\"potentialAction\":[{\"@type\":\"ReadAction\",\"target\":[\"https:\\\/\\\/www.demokratie-geschichte.de\\\/index.php\\\/barrierefreiheit\\\/\"]}]},{\"@type\":\"BreadcrumbList\",\"@id\":\"https:\\\/\\\/www.demokratie-geschichte.de\\\/index.php\\\/barrierefreiheit\\\/#breadcrumb\",\"itemListElement\":[{\"@type\":\"ListItem\",\"position\":1,\"name\":\"Startseite\",\"item\":\"https:\\\/\\\/www.demokratie-geschichte.de\\\/index.php\\\/\"},{\"@type\":\"ListItem\",\"position\":2,\"name\":\"Barrierefreiheit\"}]},{\"@type\":\"WebSite\",\"@id\":\"https:\\\/\\\/www.demokratie-geschichte.de\\\/index.php\\\/#website\",\"url\":\"https:\\\/\\\/www.demokratie-geschichte.de\\\/index.php\\\/\",\"name\":\"Stiftung Orte der deutschen Demokratiegeschichte\",\"description\":\"\",\"potentialAction\":[{\"@type\":\"SearchAction\",\"target\":{\"@type\":\"EntryPoint\",\"urlTemplate\":\"https:\\\/\\\/www.demokratie-geschichte.de\\\/index.php\\\/?s={search_term_string}\"},\"query-input\":{\"@type\":\"PropertyValueSpecification\",\"valueRequired\":true,\"valueName\":\"search_term_string\"}}],\"inLanguage\":\"de\"}]}<\/script>\n<!-- \/ Yoast SEO plugin. -->","yoast_head_json":{"title":"Barrierefreiheit - Stiftung Orte der deutschen Demokratiegeschichte","robots":{"index":"index","follow":"follow","max-snippet":"max-snippet:-1","max-image-preview":"max-image-preview:large","max-video-preview":"max-video-preview:-1"},"canonical":"https:\/\/www.demokratie-geschichte.de\/index.php\/barrierefreiheit\/","og_locale":"de_DE","og_type":"article","og_title":"Barrierefreiheit - Stiftung Orte der deutschen Demokratiegeschichte","og_description":"Die Stiftung Orte der deutschen Demokratiegeschichte hat die Website www.demokratie-geschichte.de im Mai 2024 \u00fcbernommen. Es ist uns bewusst, dass die Seite in gro\u00dfen Teilen nicht barrierefrei gestaltet ist. Im Zuge einer f\u00fcr das Jahr 2027 geplanten umfassenden \u00dcberarbeitung der Seitengestaltung werden wir unsere Website gem\u00e4\u00df den gesetzlichen Regelungen des Behindertengleichstellungsgesetzes des Bundes (BGG) sowie der [&hellip;]","og_url":"https:\/\/www.demokratie-geschichte.de\/index.php\/barrierefreiheit\/","og_site_name":"Stiftung Orte der deutschen Demokratiegeschichte","article_modified_time":"2026-02-20T07:32:44+00:00","twitter_card":"summary_large_image","twitter_misc":{"Gesch\u00e4tzte Lesezeit":"1\u00a0Minute"},"schema":{"@context":"https:\/\/schema.org","@graph":[{"@type":"WebPage","@id":"https:\/\/www.demokratie-geschichte.de\/index.php\/barrierefreiheit\/","url":"https:\/\/www.demokratie-geschichte.de\/index.php\/barrierefreiheit\/","name":"Barrierefreiheit - Stiftung Orte der deutschen Demokratiegeschichte","isPartOf":{"@id":"https:\/\/www.demokratie-geschichte.de\/index.php\/#website"},"datePublished":"2024-05-19T21:58:54+00:00","dateModified":"2026-02-20T07:32:44+00:00","breadcrumb":{"@id":"https:\/\/www.demokratie-geschichte.de\/index.php\/barrierefreiheit\/#breadcrumb"},"inLanguage":"de","potentialAction":[{"@type":"ReadAction","target":["https:\/\/www.demokratie-geschichte.de\/index.php\/barrierefreiheit\/"]}]},{"@type":"BreadcrumbList","@id":"https:\/\/www.demokratie-geschichte.de\/index.php\/barrierefreiheit\/#breadcrumb","itemListElement":[{"@type":"ListItem","position":1,"name":"Startseite","item":"https:\/\/www.demokratie-geschichte.de\/index.php\/"},{"@type":"ListItem","position":2,"name":"Barrierefreiheit"}]},{"@type":"WebSite","@id":"https:\/\/www.demokratie-geschichte.de\/index.php\/#website","url":"https:\/\/www.demokratie-geschichte.de\/index.php\/","name":"Stiftung Orte der deutschen Demokratiegeschichte","description":"","potentialAction":[{"@type":"SearchAction","target":{"@type":"EntryPoint","urlTemplate":"https:\/\/www.demokratie-geschichte.de\/index.php\/?s={search_term_string}"},"query-input":{"@type":"PropertyValueSpecification","valueRequired":true,"valueName":"search_term_string"}}],"inLanguage":"de"}]}},"wps_subtitle":"","_links":{"self":[{"href":"https:\/\/www.demokratie-geschichte.de\/index.php\/wp-json\/wp\/v2\/pages\/9718","targetHints":{"allow":["GET"]}}],"collection":[{"href":"https:\/\/www.demokratie-geschichte.de\/index.php\/wp-json\/wp\/v2\/pages"}],"about":[{"href":"https:\/\/www.demokratie-geschichte.de\/index.php\/wp-json\/wp\/v2\/types\/page"}],"author":[{"embeddable":true,"href":"https:\/\/www.demokratie-geschichte.de\/index.php\/wp-json\/wp\/v2\/users\/1"}],"replies":[{"embeddable":true,"href":"https:\/\/www.demokratie-geschichte.de\/index.php\/wp-json\/wp\/v2\/comments?post=9718"}],"version-history":[{"count":5,"href":"https:\/\/www.demokratie-geschichte.de\/index.php\/wp-json\/wp\/v2\/pages\/9718\/revisions"}],"predecessor-version":[{"id":13188,"href":"https:\/\/www.demokratie-geschichte.de\/index.php\/wp-json\/wp\/v2\/pages\/9718\/revisions\/13188"}],"wp:attachment":[{"href":"https:\/\/www.demokratie-geschichte.de\/index.php\/wp-json\/wp\/v2\/media?parent=9718"}],"wp:term":[{"taxonomy":"category","embeddable":true,"href":"https:\/\/www.demokratie-geschichte.de\/index.php\/wp-json\/wp\/v2\/categories?post=9718"},{"taxonomy":"post_tag","embeddable":true,"href":"https:\/\/www.demokratie-geschichte.de\/index.php\/wp-json\/wp\/v2\/tags?post=9718"}],"curies":[{"name":"wp","href":"https:\/\/api.w.org\/{rel}","templated":true}]}}