{"id":8472,"date":"2023-07-31T10:27:01","date_gmt":"2023-07-31T08:27:01","guid":{"rendered":"https:\/\/www.demokratie-geschichte.de\/index.php\/?page_id=8472"},"modified":"2023-08-07T09:05:14","modified_gmt":"2023-08-07T07:05:14","slug":"aufdemland","status":"publish","type":"page","link":"https:\/\/www.demokratie-geschichte.de\/index.php\/aufdemland\/","title":{"rendered":"\u201e100 K\u00f6pfe\u201c in L\u00e4ndlichen R\u00e4umen!"},"content":{"rendered":"\n<h2 class=\"wp-block-heading\">Veranstaltungskooperationen 2024<\/h2>\n\n\n\n<p class=\"has-medium-font-size\">Seit 2021 bringen wir gemeinsam mit Kooperationspartnern bundesweit Verantaltungen zu einzelnen der &#8222;100 K\u00f6pfe der Demokratie&#8220; auf den Weg. An diese Erfolge wollen wir weiter ankn\u00fcpfen und einen Schritt weitergehen: <strong>Mit einem eigenen Zusatzprogramm werden wir die \u201e100 K\u00f6pfe\u201c und ihre M\u00f6glichkeiten st\u00e4rker in l\u00e4ndlichen R\u00e4umen in Deutschland bekannt machen<\/strong>. <\/p>\n\n\n\n<p class=\"has-medium-font-size\">Unser Angebot richtet sich an <strong>alle Personen, Vereine und Institutionen, die gemeinsam \u00fcber die Demokratie nachdenken wollen<\/strong>. Einzige Voraussetzung: Ihre Veranstaltung findet in einem Ort, einer Region oder einer Gemeinde mit <strong>bis zu 15.000 Einwohnern<\/strong> statt.<\/p>\n\n\n\n<p class=\"has-medium-font-size\"><strong>Sie haben eine Idee f\u00fcr eine Veranstaltung?<\/strong> Gerne beraten wir sie bei der <strong>Konzeption <\/strong>und <strong>Umsetzung<\/strong>, auch stellen wir Ihnen unser <strong>Netzwerk aus Referenten und Expertinnen<\/strong> zur Verf\u00fcgung. Vor allem aber wird sich die Stiftung mit <strong>bis zu 500 \u20ac<\/strong> beteiligen, sofern Sie eine Veranstaltung zu einem der \u201e100 K\u00f6pfe\u201c realisieren m\u00f6chten und solange wir \u00fcber ausreichend Mittel verf\u00fcgen.<\/p>\n\n\n\n<p class=\"has-medium-font-size\"><br>Diese 500,00 \u20ac k\u00f6nnen Sie nutzen, um z. B. f\u00fcr Veranstaltungen<\/p>\n\n\n\n<ul class=\"has-medium-font-size wp-block-list\">\n<li class=\"has-medium-font-size\"><strong>einen Raum anzumieten<\/strong>,<\/li>\n\n\n\n<li class=\"has-medium-font-size\"><strong>die Werbetrommel zu r\u00fchren<\/strong>,<\/li>\n\n\n\n<li class=\"has-medium-font-size\"><strong>Expertinnen und Referenten einzuladen<\/strong>,<\/li>\n\n\n\n<li class=\"has-medium-font-size\"><strong>Speisen und (alkoholfreie) Getr\u00e4nke anzubieten<\/strong>,<\/li>\n\n\n\n<li class=\"has-medium-font-size\"><strong>Organisatoren kleinere Aufwandsentsch\u00e4digungen zu zahlen<\/strong>.<\/li>\n<\/ul>\n\n\n\n<h3 class=\"wp-block-heading\"><strong>&#8230;neugierig geworden? <\/strong><\/h3>\n\n\n\n<p class=\"has-medium-font-size\">Suchen Sie sich <a href=\"https:\/\/www.demokratie-geschichte.de\/koepfe\/a-z.php\"><strong>hier<\/strong><\/a> einen \u201eKopf\u201c aus, den sie spannend finden \u2013 oder <a href=\"mailto:100koepfe@stiftung-heuss-haus.de\"><strong>kontaktieren<\/strong><\/a><strong> <\/strong>Sie uns direkt! Wir freuen uns, mit Ihnen die \u201e100 K\u00f6pfe der Demokratie\u201c auch in Ihren Ort zu bringen!<\/p>\n","protected":false},"excerpt":{"rendered":"<p>Veranstaltungskooperationen 2024 Seit 2021 bringen wir gemeinsam mit Kooperationspartnern bundesweit Verantaltungen zu einzelnen der &#8222;100 K\u00f6pfe der Demokratie&#8220; auf den Weg. An diese Erfolge wollen wir weiter ankn\u00fcpfen und einen Schritt weitergehen: Mit einem eigenen Zusatzprogramm werden wir die \u201e100 K\u00f6pfe\u201c und ihre M\u00f6glichkeiten st\u00e4rker in l\u00e4ndlichen R\u00e4umen in Deutschland bekannt machen. Unser Angebot richtet [&hellip;]<\/p>\n","protected":false},"author":9,"featured_media":0,"parent":0,"menu_order":34,"comment_status":"closed","ping_status":"closed","template":"","meta":{"_acf_changed":false,"footnotes":""},"categories":[14],"tags":[],"class_list":["post-8472","page","type-page","status-publish","hentry","category-koepfe"],"acf":[],"yoast_head":"<!-- This site is optimized with the Yoast SEO plugin v27.6 - https:\/\/yoast.com\/product\/yoast-seo-wordpress\/ -->\n<title>\u201e100 K\u00f6pfe\u201c in L\u00e4ndlichen R\u00e4umen! - Stiftung Orte der deutschen Demokratiegeschichte<\/title>\n<meta name=\"robots\" content=\"index, follow, max-snippet:-1, max-image-preview:large, max-video-preview:-1\" \/>\n<link rel=\"canonical\" href=\"https:\/\/www.demokratie-geschichte.de\/index.php\/aufdemland\/\" \/>\n<meta property=\"og:locale\" content=\"de_DE\" \/>\n<meta property=\"og:type\" content=\"article\" \/>\n<meta property=\"og:title\" content=\"\u201e100 K\u00f6pfe\u201c in L\u00e4ndlichen R\u00e4umen! - Stiftung Orte der deutschen Demokratiegeschichte\" \/>\n<meta property=\"og:description\" content=\"Veranstaltungskooperationen 2024 Seit 2021 bringen wir gemeinsam mit Kooperationspartnern bundesweit Verantaltungen zu einzelnen der &#8222;100 K\u00f6pfe der Demokratie&#8220; auf den Weg. An diese Erfolge wollen wir weiter ankn\u00fcpfen und einen Schritt weitergehen: Mit einem eigenen Zusatzprogramm werden wir die \u201e100 K\u00f6pfe\u201c und ihre M\u00f6glichkeiten st\u00e4rker in l\u00e4ndlichen R\u00e4umen in Deutschland bekannt machen. Unser Angebot richtet [&hellip;]\" \/>\n<meta property=\"og:url\" content=\"https:\/\/www.demokratie-geschichte.de\/index.php\/aufdemland\/\" \/>\n<meta property=\"og:site_name\" content=\"Stiftung Orte der deutschen Demokratiegeschichte\" \/>\n<meta property=\"article:modified_time\" content=\"2023-08-07T07:05:14+00:00\" \/>\n<meta name=\"twitter:card\" content=\"summary_large_image\" \/>\n<meta name=\"twitter:label1\" content=\"Gesch\u00e4tzte Lesezeit\" \/>\n\t<meta name=\"twitter:data1\" content=\"1\u00a0Minute\" \/>\n<script type=\"application\/ld+json\" class=\"yoast-schema-graph\">{\"@context\":\"https:\\\/\\\/schema.org\",\"@graph\":[{\"@type\":\"WebPage\",\"@id\":\"https:\\\/\\\/www.demokratie-geschichte.de\\\/index.php\\\/aufdemland\\\/\",\"url\":\"https:\\\/\\\/www.demokratie-geschichte.de\\\/index.php\\\/aufdemland\\\/\",\"name\":\"\u201e100 K\u00f6pfe\u201c in L\u00e4ndlichen R\u00e4umen! - Stiftung Orte der deutschen Demokratiegeschichte\",\"isPartOf\":{\"@id\":\"https:\\\/\\\/www.demokratie-geschichte.de\\\/index.php\\\/#website\"},\"datePublished\":\"2023-07-31T08:27:01+00:00\",\"dateModified\":\"2023-08-07T07:05:14+00:00\",\"breadcrumb\":{\"@id\":\"https:\\\/\\\/www.demokratie-geschichte.de\\\/index.php\\\/aufdemland\\\/#breadcrumb\"},\"inLanguage\":\"de\",\"potentialAction\":[{\"@type\":\"ReadAction\",\"target\":[\"https:\\\/\\\/www.demokratie-geschichte.de\\\/index.php\\\/aufdemland\\\/\"]}]},{\"@type\":\"BreadcrumbList\",\"@id\":\"https:\\\/\\\/www.demokratie-geschichte.de\\\/index.php\\\/aufdemland\\\/#breadcrumb\",\"itemListElement\":[{\"@type\":\"ListItem\",\"position\":1,\"name\":\"Startseite\",\"item\":\"https:\\\/\\\/www.demokratie-geschichte.de\\\/index.php\\\/\"},{\"@type\":\"ListItem\",\"position\":2,\"name\":\"\u201e100 K\u00f6pfe\u201c in L\u00e4ndlichen R\u00e4umen!\"}]},{\"@type\":\"WebSite\",\"@id\":\"https:\\\/\\\/www.demokratie-geschichte.de\\\/index.php\\\/#website\",\"url\":\"https:\\\/\\\/www.demokratie-geschichte.de\\\/index.php\\\/\",\"name\":\"Stiftung Orte der deutschen Demokratiegeschichte\",\"description\":\"\",\"potentialAction\":[{\"@type\":\"SearchAction\",\"target\":{\"@type\":\"EntryPoint\",\"urlTemplate\":\"https:\\\/\\\/www.demokratie-geschichte.de\\\/index.php\\\/?s={search_term_string}\"},\"query-input\":{\"@type\":\"PropertyValueSpecification\",\"valueRequired\":true,\"valueName\":\"search_term_string\"}}],\"inLanguage\":\"de\"}]}<\/script>\n<!-- \/ Yoast SEO plugin. -->","yoast_head_json":{"title":"\u201e100 K\u00f6pfe\u201c in L\u00e4ndlichen R\u00e4umen! - Stiftung Orte der deutschen Demokratiegeschichte","robots":{"index":"index","follow":"follow","max-snippet":"max-snippet:-1","max-image-preview":"max-image-preview:large","max-video-preview":"max-video-preview:-1"},"canonical":"https:\/\/www.demokratie-geschichte.de\/index.php\/aufdemland\/","og_locale":"de_DE","og_type":"article","og_title":"\u201e100 K\u00f6pfe\u201c in L\u00e4ndlichen R\u00e4umen! - Stiftung Orte der deutschen Demokratiegeschichte","og_description":"Veranstaltungskooperationen 2024 Seit 2021 bringen wir gemeinsam mit Kooperationspartnern bundesweit Verantaltungen zu einzelnen der &#8222;100 K\u00f6pfe der Demokratie&#8220; auf den Weg. An diese Erfolge wollen wir weiter ankn\u00fcpfen und einen Schritt weitergehen: Mit einem eigenen Zusatzprogramm werden wir die \u201e100 K\u00f6pfe\u201c und ihre M\u00f6glichkeiten st\u00e4rker in l\u00e4ndlichen R\u00e4umen in Deutschland bekannt machen. Unser Angebot richtet [&hellip;]","og_url":"https:\/\/www.demokratie-geschichte.de\/index.php\/aufdemland\/","og_site_name":"Stiftung Orte der deutschen Demokratiegeschichte","article_modified_time":"2023-08-07T07:05:14+00:00","twitter_card":"summary_large_image","twitter_misc":{"Gesch\u00e4tzte Lesezeit":"1\u00a0Minute"},"schema":{"@context":"https:\/\/schema.org","@graph":[{"@type":"WebPage","@id":"https:\/\/www.demokratie-geschichte.de\/index.php\/aufdemland\/","url":"https:\/\/www.demokratie-geschichte.de\/index.php\/aufdemland\/","name":"\u201e100 K\u00f6pfe\u201c in L\u00e4ndlichen R\u00e4umen! - Stiftung Orte der deutschen Demokratiegeschichte","isPartOf":{"@id":"https:\/\/www.demokratie-geschichte.de\/index.php\/#website"},"datePublished":"2023-07-31T08:27:01+00:00","dateModified":"2023-08-07T07:05:14+00:00","breadcrumb":{"@id":"https:\/\/www.demokratie-geschichte.de\/index.php\/aufdemland\/#breadcrumb"},"inLanguage":"de","potentialAction":[{"@type":"ReadAction","target":["https:\/\/www.demokratie-geschichte.de\/index.php\/aufdemland\/"]}]},{"@type":"BreadcrumbList","@id":"https:\/\/www.demokratie-geschichte.de\/index.php\/aufdemland\/#breadcrumb","itemListElement":[{"@type":"ListItem","position":1,"name":"Startseite","item":"https:\/\/www.demokratie-geschichte.de\/index.php\/"},{"@type":"ListItem","position":2,"name":"\u201e100 K\u00f6pfe\u201c in L\u00e4ndlichen R\u00e4umen!"}]},{"@type":"WebSite","@id":"https:\/\/www.demokratie-geschichte.de\/index.php\/#website","url":"https:\/\/www.demokratie-geschichte.de\/index.php\/","name":"Stiftung Orte der deutschen Demokratiegeschichte","description":"","potentialAction":[{"@type":"SearchAction","target":{"@type":"EntryPoint","urlTemplate":"https:\/\/www.demokratie-geschichte.de\/index.php\/?s={search_term_string}"},"query-input":{"@type":"PropertyValueSpecification","valueRequired":true,"valueName":"search_term_string"}}],"inLanguage":"de"}]}},"wps_subtitle":"","_links":{"self":[{"href":"https:\/\/www.demokratie-geschichte.de\/index.php\/wp-json\/wp\/v2\/pages\/8472","targetHints":{"allow":["GET"]}}],"collection":[{"href":"https:\/\/www.demokratie-geschichte.de\/index.php\/wp-json\/wp\/v2\/pages"}],"about":[{"href":"https:\/\/www.demokratie-geschichte.de\/index.php\/wp-json\/wp\/v2\/types\/page"}],"author":[{"embeddable":true,"href":"https:\/\/www.demokratie-geschichte.de\/index.php\/wp-json\/wp\/v2\/users\/9"}],"replies":[{"embeddable":true,"href":"https:\/\/www.demokratie-geschichte.de\/index.php\/wp-json\/wp\/v2\/comments?post=8472"}],"version-history":[{"count":7,"href":"https:\/\/www.demokratie-geschichte.de\/index.php\/wp-json\/wp\/v2\/pages\/8472\/revisions"}],"predecessor-version":[{"id":8565,"href":"https:\/\/www.demokratie-geschichte.de\/index.php\/wp-json\/wp\/v2\/pages\/8472\/revisions\/8565"}],"wp:attachment":[{"href":"https:\/\/www.demokratie-geschichte.de\/index.php\/wp-json\/wp\/v2\/media?parent=8472"}],"wp:term":[{"taxonomy":"category","embeddable":true,"href":"https:\/\/www.demokratie-geschichte.de\/index.php\/wp-json\/wp\/v2\/categories?post=8472"},{"taxonomy":"post_tag","embeddable":true,"href":"https:\/\/www.demokratie-geschichte.de\/index.php\/wp-json\/wp\/v2\/tags?post=8472"}],"curies":[{"name":"wp","href":"https:\/\/api.w.org\/{rel}","templated":true}]}}