{"id":2561,"date":"2020-10-02T08:09:07","date_gmt":"2020-10-02T06:09:07","guid":{"rendered":"https:\/\/www.demokratie-geschichte.de\/?page_id=2561"},"modified":"2026-02-19T18:33:14","modified_gmt":"2026-02-19T17:33:14","slug":"orte-der-demokratiegeschichte-eine-deutschlandkarte","status":"publish","type":"page","link":"https:\/\/www.demokratie-geschichte.de\/index.php\/orte-der-demokratiegeschichte-eine-deutschlandkarte\/","title":{"rendered":"Orte der Demokratiegeschichte &#8211; Eine Deutschlandkarte"},"content":{"rendered":"<div class=\"wp-block-image\">\n<figure class=\"alignright size-full is-resized\"><img loading=\"lazy\" decoding=\"async\" width=\"453\" height=\"254\" src=\"https:\/\/www.demokratie-geschichte.de\/wp-content\/uploads\/2025\/01\/ScreenshotKarte-e1737964033561.png\" alt=\"\" class=\"wp-image-11152\" style=\"width:400px\" srcset=\"https:\/\/www.demokratie-geschichte.de\/wp-content\/uploads\/2025\/01\/ScreenshotKarte-e1737964033561.png 453w, https:\/\/www.demokratie-geschichte.de\/wp-content\/uploads\/2025\/01\/ScreenshotKarte-e1737964033561-300x168.png 300w\" sizes=\"auto, (max-width: 453px) 100vw, 453px\" \/><\/figure>\n<\/div>\n\n\n<p>Seit April 2024 erweitern wir das Projekt \u201eDeutschlandkarte der Demokratie\u201c. Es besteht aus zwei zentralen Elementen: einer digitalen Plattform und einer analogen Plakette. Ziel ist es, Demokratiegeschichte vor Ort zug\u00e4nglich zu machen und zur Auseinandersetzung mit demokratischen Werten anzuregen. <\/p>\n\n\n\n<p>Die \u201eDeutschlandkarte der Demokratie\u201c ist eine Bestandsaufnahme von Orten, an denen die Demokratiegeschichte der heutigen Bundesrepublik Deutschland geschrieben wurde. Uns geht es um historische Ereignisse, Prozesse, Organisationen und Institutionen, in denen Individuen und Gruppen um die Verwirklichung von Grund- und Menschenrechten, Mitbestimmung, freien Wahlen und Parlamentarismus, Gewaltenteilung und Rechtsstaatlichkeit in Staat und Gesellschaft gerungen haben.<\/p>\n\n\n\n<p>\u00dcber die digitale Plattform \u201eDeutschlandkarte der Demokratie\u201c werden derzeit 261 Orte in allen Teilen des Landes sichtbar gemacht, an denen Demokratiegeschichte geschrieben oder an die f\u00fcr Demokratie bedeutenden Ereignisse erinnert wird (Stand: 31.12.2025). Die Spannbreite reicht von bekannten Orten wie der Frankfurter Paulskirche und der Nikolaikirche in Leipzig hin zu Erinnerungs- und Ereignisorten wie dem St. Germanshofer Studentensturm, dem Funkhaus von Radio Bremen oder dem Archiv der deutschen Frauenbewegung in Kassel. Damit zeigt die Karte, dass Menschen in allen Regionen Deutschland f\u00fcr Grundrechte, Mitbestimmung und Rechtsstaatlichkeit eingetreten sind.<\/p>\n\n\n\n<p>Das Projekt wurde 2020 von der Gesellschaft zur Erforschung der Demokratie-Geschichte e. V. (GEDG) und dem Weimarer Republik e. V. entwickelt.<\/p>\n\n\n\n<p><a class=\"btn btn-default\" href=\"https:\/\/www.demokratie-geschichte.de\/karte\/\" role=\"button\">Zur Deutschlandkarte der Demokratie<\/a><\/p>\n\n\n\n<p><a class=\"btn btn-default\" href=\"https:\/\/www.demokratie-geschichte.de\/karte\/a-z.php\" role=\"button\">Zur Liste aller Orte der Demokratiegeschichte<\/a><\/p>\n\n\n\n<h3 class=\"wp-block-heading\">Was ist ein Ort der Demokratiegeschichte?\u202f\u202f&nbsp;<\/h3>\n\n\n\n<p>Demokratiegeschichte untersucht historische Ereignisse, Prozesse, Organisationen und Institutionen, in denen Individuen und Gruppen um die Verwirklichung von Grund- und Menschenrechten, Mitbestimmung, freien Wahlen und Parlamentarismus, Gewaltenteilung und Rechtsstaatlichkeit in Staat und Gesellschaft gerungen haben \u2013 egal ob die konkreten Bem\u00fchungen im Einzelfall von Erfolg gekr\u00f6nt waren oder nicht. Orte der Demokratiegeschichte sind dann physische oder symbolische Orte, an denen die Erinnerung an diese Demokratiegeschichte kristallisiert.<\/p>\n\n\n\n<p>Auf der Deutschlandkarte findet man sowohl Orte, an denen wichtige Ereignisse der Demokratiegeschichte stattgefunden haben, als auch Orte, an denen an diese Ereignisse erinnert wird. Markierungen zeigen, wo \u00fcber Verfassungen diskutiert wurde und historische Parlamente getagt haben. Wo Grundrechte mit Argumenten eingefordert oder mit Waffen erstritten wurden. Wo Parteien gegr\u00fcndet wurden und Protestbewegungen sich zu Wort gemeldet haben. Gro\u00dfe Museen und Denkm\u00e4ler sind ebenso verzeichnet wie unscheinbare Pl\u00e4tze oder Orte, die es so gar nicht mehr gibt. Die Vielfalt der Orte spiegelt die Vielfalt der Demokratie wider.<\/p>\n\n\n\n<h3 class=\"wp-block-heading\">Wie kann ich mitmachen?<\/h3>\n\n\n\n<p>Die Deutschlandkarte der Demokratie soll dazu ermutigen, im kommunalen und regionalen Umfeld nach weiteren, bislang unbekannten Orten der Demokratie zu suchen und neue Themenfelder der Demokratiegeschichte zu erschlie\u00dfen. Die Plattform will keinen abgeschlossenen Kanon bieten. Sie wird vielmehr, \u00e4hnlich wie die Demokratie, in einem dynamischen Prozess st\u00e4ndig erweitert und fortgeschrieben.<\/p>\n\n\n\n<p>Laufend erscheinen neue Orte auf der Deutschlandkarte. Zum Teil auf Vorschlag von engagierten B\u00fcrger:innen vor Ort; zum Teil kuratiert von Expertengremien. Wir suchen Kontakt mit zivilgesellschaftlichen Organisationen und engagierten B\u00fcrgerinnen und B\u00fcrgern vor Ort. Gerne nehmen wir Ihre Anregungen entgegen und suchen mit Ihnen gemeinsam nach neuen Orten, mit denen wir die Karte erweitern k\u00f6nnen. <a href=\"mailto:demokratiegeschichte@dnb.de\">Machen Sie also mit bei diesem Prozess<\/a> und nennen Sie uns Ihre Orte der Demokratiegeschichte!<\/p>\n\n\n\n<p><br><\/p>\n","protected":false},"excerpt":{"rendered":"<p>Seit April 2024 erweitern wir das Projekt \u201eDeutschlandkarte der Demokratie\u201c. Es besteht aus zwei zentralen Elementen: einer digitalen Plattform und einer analogen Plakette. Ziel ist es, Demokratiegeschichte vor Ort zug\u00e4nglich zu machen und zur Auseinandersetzung mit demokratischen Werten anzuregen. Die \u201eDeutschlandkarte der Demokratie\u201c ist eine Bestandsaufnahme von Orten, an denen die Demokratiegeschichte der heutigen Bundesrepublik [&hellip;]<\/p>\n","protected":false},"author":2,"featured_media":0,"parent":0,"menu_order":46,"comment_status":"closed","ping_status":"closed","template":"","meta":{"footnotes":""},"categories":[],"tags":[],"class_list":["post-2561","page","type-page","status-publish","hentry"],"yoast_head":"<!-- This site is optimized with the Yoast SEO plugin v23.5 - https:\/\/yoast.com\/wordpress\/plugins\/seo\/ -->\n<title>Orte der Demokratiegeschichte - Eine Deutschlandkarte - Stiftung Orte der deutschen Demokratiegeschichte<\/title>\n<meta name=\"robots\" content=\"index, follow, max-snippet:-1, max-image-preview:large, max-video-preview:-1\" \/>\n<link rel=\"canonical\" href=\"https:\/\/www.demokratie-geschichte.de\/index.php\/orte-der-demokratiegeschichte-eine-deutschlandkarte\/\" \/>\n<meta property=\"og:locale\" content=\"de_DE\" \/>\n<meta property=\"og:type\" content=\"article\" \/>\n<meta property=\"og:title\" content=\"Orte der Demokratiegeschichte - Eine Deutschlandkarte - Stiftung Orte der deutschen Demokratiegeschichte\" \/>\n<meta property=\"og:description\" content=\"Seit April 2024 erweitern wir das Projekt \u201eDeutschlandkarte der Demokratie\u201c. Es besteht aus zwei zentralen Elementen: einer digitalen Plattform und einer analogen Plakette. Ziel ist es, Demokratiegeschichte vor Ort zug\u00e4nglich zu machen und zur Auseinandersetzung mit demokratischen Werten anzuregen. Die \u201eDeutschlandkarte der Demokratie\u201c ist eine Bestandsaufnahme von Orten, an denen die Demokratiegeschichte der heutigen Bundesrepublik [&hellip;]\" \/>\n<meta property=\"og:url\" content=\"https:\/\/www.demokratie-geschichte.de\/index.php\/orte-der-demokratiegeschichte-eine-deutschlandkarte\/\" \/>\n<meta property=\"og:site_name\" content=\"Stiftung Orte der deutschen Demokratiegeschichte\" \/>\n<meta property=\"article:modified_time\" content=\"2026-02-19T17:33:14+00:00\" \/>\n<meta property=\"og:image\" content=\"https:\/\/www.demokratie-geschichte.de\/wp-content\/uploads\/2025\/01\/ScreenshotKarte-e1737964033561.png\" \/>\n<meta name=\"twitter:card\" content=\"summary_large_image\" \/>\n<meta name=\"twitter:label1\" content=\"Gesch\u00e4tzte Lesezeit\" \/>\n\t<meta name=\"twitter:data1\" content=\"3\u00a0Minuten\" \/>\n<script type=\"application\/ld+json\" class=\"yoast-schema-graph\">{\"@context\":\"https:\/\/schema.org\",\"@graph\":[{\"@type\":\"WebPage\",\"@id\":\"https:\/\/www.demokratie-geschichte.de\/index.php\/orte-der-demokratiegeschichte-eine-deutschlandkarte\/\",\"url\":\"https:\/\/www.demokratie-geschichte.de\/index.php\/orte-der-demokratiegeschichte-eine-deutschlandkarte\/\",\"name\":\"Orte der Demokratiegeschichte - Eine Deutschlandkarte - Stiftung Orte der deutschen Demokratiegeschichte\",\"isPartOf\":{\"@id\":\"https:\/\/www.demokratie-geschichte.de\/index.php\/#website\"},\"primaryImageOfPage\":{\"@id\":\"https:\/\/www.demokratie-geschichte.de\/index.php\/orte-der-demokratiegeschichte-eine-deutschlandkarte\/#primaryimage\"},\"image\":{\"@id\":\"https:\/\/www.demokratie-geschichte.de\/index.php\/orte-der-demokratiegeschichte-eine-deutschlandkarte\/#primaryimage\"},\"thumbnailUrl\":\"https:\/\/www.demokratie-geschichte.de\/wp-content\/uploads\/2025\/01\/ScreenshotKarte-e1737964033561.png\",\"datePublished\":\"2020-10-02T06:09:07+00:00\",\"dateModified\":\"2026-02-19T17:33:14+00:00\",\"breadcrumb\":{\"@id\":\"https:\/\/www.demokratie-geschichte.de\/index.php\/orte-der-demokratiegeschichte-eine-deutschlandkarte\/#breadcrumb\"},\"inLanguage\":\"de\",\"potentialAction\":[{\"@type\":\"ReadAction\",\"target\":[\"https:\/\/www.demokratie-geschichte.de\/index.php\/orte-der-demokratiegeschichte-eine-deutschlandkarte\/\"]}]},{\"@type\":\"ImageObject\",\"inLanguage\":\"de\",\"@id\":\"https:\/\/www.demokratie-geschichte.de\/index.php\/orte-der-demokratiegeschichte-eine-deutschlandkarte\/#primaryimage\",\"url\":\"https:\/\/www.demokratie-geschichte.de\/wp-content\/uploads\/2025\/01\/ScreenshotKarte-e1737964033561.png\",\"contentUrl\":\"https:\/\/www.demokratie-geschichte.de\/wp-content\/uploads\/2025\/01\/ScreenshotKarte-e1737964033561.png\"},{\"@type\":\"BreadcrumbList\",\"@id\":\"https:\/\/www.demokratie-geschichte.de\/index.php\/orte-der-demokratiegeschichte-eine-deutschlandkarte\/#breadcrumb\",\"itemListElement\":[{\"@type\":\"ListItem\",\"position\":1,\"name\":\"Startseite\",\"item\":\"https:\/\/www.demokratie-geschichte.de\/index.php\/\"},{\"@type\":\"ListItem\",\"position\":2,\"name\":\"Orte der Demokratiegeschichte &#8211; Eine Deutschlandkarte\"}]},{\"@type\":\"WebSite\",\"@id\":\"https:\/\/www.demokratie-geschichte.de\/index.php\/#website\",\"url\":\"https:\/\/www.demokratie-geschichte.de\/index.php\/\",\"name\":\"Stiftung Orte der deutschen Demokratiegeschichte\",\"description\":\"\",\"potentialAction\":[{\"@type\":\"SearchAction\",\"target\":{\"@type\":\"EntryPoint\",\"urlTemplate\":\"https:\/\/www.demokratie-geschichte.de\/index.php\/?s={search_term_string}\"},\"query-input\":{\"@type\":\"PropertyValueSpecification\",\"valueRequired\":true,\"valueName\":\"search_term_string\"}}],\"inLanguage\":\"de\"}]}<\/script>\n<!-- \/ Yoast SEO plugin. -->","yoast_head_json":{"title":"Orte der Demokratiegeschichte - Eine Deutschlandkarte - Stiftung Orte der deutschen Demokratiegeschichte","robots":{"index":"index","follow":"follow","max-snippet":"max-snippet:-1","max-image-preview":"max-image-preview:large","max-video-preview":"max-video-preview:-1"},"canonical":"https:\/\/www.demokratie-geschichte.de\/index.php\/orte-der-demokratiegeschichte-eine-deutschlandkarte\/","og_locale":"de_DE","og_type":"article","og_title":"Orte der Demokratiegeschichte - Eine Deutschlandkarte - Stiftung Orte der deutschen Demokratiegeschichte","og_description":"Seit April 2024 erweitern wir das Projekt \u201eDeutschlandkarte der Demokratie\u201c. Es besteht aus zwei zentralen Elementen: einer digitalen Plattform und einer analogen Plakette. Ziel ist es, Demokratiegeschichte vor Ort zug\u00e4nglich zu machen und zur Auseinandersetzung mit demokratischen Werten anzuregen. Die \u201eDeutschlandkarte der Demokratie\u201c ist eine Bestandsaufnahme von Orten, an denen die Demokratiegeschichte der heutigen Bundesrepublik [&hellip;]","og_url":"https:\/\/www.demokratie-geschichte.de\/index.php\/orte-der-demokratiegeschichte-eine-deutschlandkarte\/","og_site_name":"Stiftung Orte der deutschen Demokratiegeschichte","article_modified_time":"2026-02-19T17:33:14+00:00","og_image":[{"url":"https:\/\/www.demokratie-geschichte.de\/wp-content\/uploads\/2025\/01\/ScreenshotKarte-e1737964033561.png"}],"twitter_card":"summary_large_image","twitter_misc":{"Gesch\u00e4tzte Lesezeit":"3\u00a0Minuten"},"schema":{"@context":"https:\/\/schema.org","@graph":[{"@type":"WebPage","@id":"https:\/\/www.demokratie-geschichte.de\/index.php\/orte-der-demokratiegeschichte-eine-deutschlandkarte\/","url":"https:\/\/www.demokratie-geschichte.de\/index.php\/orte-der-demokratiegeschichte-eine-deutschlandkarte\/","name":"Orte der Demokratiegeschichte - Eine Deutschlandkarte - Stiftung Orte der deutschen Demokratiegeschichte","isPartOf":{"@id":"https:\/\/www.demokratie-geschichte.de\/index.php\/#website"},"primaryImageOfPage":{"@id":"https:\/\/www.demokratie-geschichte.de\/index.php\/orte-der-demokratiegeschichte-eine-deutschlandkarte\/#primaryimage"},"image":{"@id":"https:\/\/www.demokratie-geschichte.de\/index.php\/orte-der-demokratiegeschichte-eine-deutschlandkarte\/#primaryimage"},"thumbnailUrl":"https:\/\/www.demokratie-geschichte.de\/wp-content\/uploads\/2025\/01\/ScreenshotKarte-e1737964033561.png","datePublished":"2020-10-02T06:09:07+00:00","dateModified":"2026-02-19T17:33:14+00:00","breadcrumb":{"@id":"https:\/\/www.demokratie-geschichte.de\/index.php\/orte-der-demokratiegeschichte-eine-deutschlandkarte\/#breadcrumb"},"inLanguage":"de","potentialAction":[{"@type":"ReadAction","target":["https:\/\/www.demokratie-geschichte.de\/index.php\/orte-der-demokratiegeschichte-eine-deutschlandkarte\/"]}]},{"@type":"ImageObject","inLanguage":"de","@id":"https:\/\/www.demokratie-geschichte.de\/index.php\/orte-der-demokratiegeschichte-eine-deutschlandkarte\/#primaryimage","url":"https:\/\/www.demokratie-geschichte.de\/wp-content\/uploads\/2025\/01\/ScreenshotKarte-e1737964033561.png","contentUrl":"https:\/\/www.demokratie-geschichte.de\/wp-content\/uploads\/2025\/01\/ScreenshotKarte-e1737964033561.png"},{"@type":"BreadcrumbList","@id":"https:\/\/www.demokratie-geschichte.de\/index.php\/orte-der-demokratiegeschichte-eine-deutschlandkarte\/#breadcrumb","itemListElement":[{"@type":"ListItem","position":1,"name":"Startseite","item":"https:\/\/www.demokratie-geschichte.de\/index.php\/"},{"@type":"ListItem","position":2,"name":"Orte der Demokratiegeschichte &#8211; Eine Deutschlandkarte"}]},{"@type":"WebSite","@id":"https:\/\/www.demokratie-geschichte.de\/index.php\/#website","url":"https:\/\/www.demokratie-geschichte.de\/index.php\/","name":"Stiftung Orte der deutschen Demokratiegeschichte","description":"","potentialAction":[{"@type":"SearchAction","target":{"@type":"EntryPoint","urlTemplate":"https:\/\/www.demokratie-geschichte.de\/index.php\/?s={search_term_string}"},"query-input":{"@type":"PropertyValueSpecification","valueRequired":true,"valueName":"search_term_string"}}],"inLanguage":"de"}]}},"wps_subtitle":"","_links":{"self":[{"href":"https:\/\/www.demokratie-geschichte.de\/index.php\/wp-json\/wp\/v2\/pages\/2561","targetHints":{"allow":["GET"]}}],"collection":[{"href":"https:\/\/www.demokratie-geschichte.de\/index.php\/wp-json\/wp\/v2\/pages"}],"about":[{"href":"https:\/\/www.demokratie-geschichte.de\/index.php\/wp-json\/wp\/v2\/types\/page"}],"author":[{"embeddable":true,"href":"https:\/\/www.demokratie-geschichte.de\/index.php\/wp-json\/wp\/v2\/users\/2"}],"replies":[{"embeddable":true,"href":"https:\/\/www.demokratie-geschichte.de\/index.php\/wp-json\/wp\/v2\/comments?post=2561"}],"version-history":[{"count":40,"href":"https:\/\/www.demokratie-geschichte.de\/index.php\/wp-json\/wp\/v2\/pages\/2561\/revisions"}],"predecessor-version":[{"id":13157,"href":"https:\/\/www.demokratie-geschichte.de\/index.php\/wp-json\/wp\/v2\/pages\/2561\/revisions\/13157"}],"wp:attachment":[{"href":"https:\/\/www.demokratie-geschichte.de\/index.php\/wp-json\/wp\/v2\/media?parent=2561"}],"wp:term":[{"taxonomy":"category","embeddable":true,"href":"https:\/\/www.demokratie-geschichte.de\/index.php\/wp-json\/wp\/v2\/categories?post=2561"},{"taxonomy":"post_tag","embeddable":true,"href":"https:\/\/www.demokratie-geschichte.de\/index.php\/wp-json\/wp\/v2\/tags?post=2561"}],"curies":[{"name":"wp","href":"https:\/\/api.w.org\/{rel}","templated":true}]}}