{"id":13443,"date":"2026-04-14T23:07:28","date_gmt":"2026-04-14T21:07:28","guid":{"rendered":"https:\/\/www.demokratie-geschichte.de\/index.php\/?page_id=13443"},"modified":"2026-05-15T13:00:20","modified_gmt":"2026-05-15T11:00:20","slug":"netzwerk-verfassungsstadte","status":"publish","type":"page","link":"https:\/\/www.demokratie-geschichte.de\/index.php\/netzwerk-verfassungsstadte\/","title":{"rendered":"Netzwerk Verfassungsst\u00e4dte"},"content":{"rendered":"\n<p><strong>Das Netzwerk Verfassungsst\u00e4dte verbindet zentrale Orte der deutschen Verfassungsgeschichte mit dem Ziel, ihre historischen Erfahrungen gemeinsam sichtbar zu machen und in die Gegenwart zu vermitteln. Im Mittelpunkt stehen St\u00e4dte, die in besonderer Weise mit der Entwicklung demokratischer Verfassungen und politischer Ordnungen verbunden sind.<\/strong><\/p>\n\n\n\n<p><strong>Weitere Informationen finden Sie unter: <a href=\"https:\/\/www.verfassungsstaedte.de\/\">verfassungsstaedte.de<\/a><\/strong><\/p>\n\n\n\n<p>Zu den Mitgliedern des Netzwerks z\u00e4hlen <strong>Frankfurt am Main<\/strong>, <strong>Weimar <\/strong>und <strong>Bonn<\/strong>. Erg\u00e4nzt wird das Netzwerk durch assoziierte Orte wie <strong>Berlin<\/strong>, <strong>Erfurt<\/strong>, <strong>Koblenz<\/strong>, <strong>Offenburg<\/strong>, <strong>K\u00f6nigstein<\/strong>, <strong>R\u00fcdesheim <\/strong>und <strong>Chiemsee<\/strong>.<\/p>\n\n\n\n<p>Das Netzwerk engagiert sich in vielf\u00e4ltigen Bereichen: Es f\u00f6rdert die Erforschung der Demokratiegeschichte, st\u00e4rkt die erinnerungskulturelle Arbeit und unterst\u00fctzt Projekte sowie Institutionen der historisch-politischen Bildung. Durch gemeinsame Aktivit\u00e4ten und Vermittlungsangebote tr\u00e4gt es dazu bei, historische Entwicklungen verst\u00e4ndlich zu machen und ihre Bedeutung f\u00fcr die Gegenwart zu reflektieren. Zugleich ist das Netzwerk offen f\u00fcr weitere Orte, die die Geschichte deutscher Verfassungen gepr\u00e4gt haben.<\/p>\n\n\n\n<p><em>Organisiert wird das Netzwerk unter dem Dach der Gesellschaft zur Erforschung der Demokratie-Geschichte und in Kooperation mit der Stiftung Orte der deutschen Demokratiegeschichte.<\/em><\/p>\n\n\n\n<figure class=\"wp-block-image size-full is-resized\"><a href=\"https:\/\/www.verfassungsstaedte.de\/\"><img loading=\"lazy\" decoding=\"async\" width=\"587\" height=\"182\" src=\"https:\/\/www.demokratie-geschichte.de\/wp-content\/uploads\/2026\/05\/nvs-logo.png\" alt=\"\" class=\"wp-image-13875\" style=\"aspect-ratio:3.225465785180733;width:834px;height:auto\" srcset=\"https:\/\/www.demokratie-geschichte.de\/wp-content\/uploads\/2026\/05\/nvs-logo.png 587w, https:\/\/www.demokratie-geschichte.de\/wp-content\/uploads\/2026\/05\/nvs-logo-300x93.png 300w\" sizes=\"auto, (max-width: 587px) 100vw, 587px\" \/><\/a><\/figure>\n","protected":false},"excerpt":{"rendered":"<p>Das Netzwerk Verfassungsst\u00e4dte verbindet zentrale Orte der deutschen Verfassungsgeschichte mit dem Ziel, ihre historischen Erfahrungen gemeinsam sichtbar zu machen und in die Gegenwart zu vermitteln. Im Mittelpunkt stehen St\u00e4dte, die in besonderer Weise mit der Entwicklung demokratischer Verfassungen und politischer Ordnungen verbunden sind. Weitere Informationen finden Sie unter: verfassungsstaedte.de Zu den Mitgliedern des Netzwerks z\u00e4hlen [&hellip;]<\/p>\n","protected":false},"author":23,"featured_media":0,"parent":0,"menu_order":5,"comment_status":"closed","ping_status":"closed","template":"","meta":{"_acf_changed":false,"footnotes":""},"categories":[],"tags":[],"class_list":["post-13443","page","type-page","status-publish","hentry"],"acf":[],"yoast_head":"<!-- This site is optimized with the Yoast SEO plugin v27.6 - https:\/\/yoast.com\/product\/yoast-seo-wordpress\/ -->\n<title>Netzwerk Verfassungsst\u00e4dte - Stiftung Orte der deutschen Demokratiegeschichte<\/title>\n<meta name=\"robots\" content=\"index, follow, max-snippet:-1, max-image-preview:large, max-video-preview:-1\" \/>\n<link rel=\"canonical\" href=\"https:\/\/www.demokratie-geschichte.de\/index.php\/netzwerk-verfassungsstadte\/\" \/>\n<meta property=\"og:locale\" content=\"de_DE\" \/>\n<meta property=\"og:type\" content=\"article\" \/>\n<meta property=\"og:title\" content=\"Netzwerk Verfassungsst\u00e4dte - Stiftung Orte der deutschen Demokratiegeschichte\" \/>\n<meta property=\"og:description\" content=\"Das Netzwerk Verfassungsst\u00e4dte verbindet zentrale Orte der deutschen Verfassungsgeschichte mit dem Ziel, ihre historischen Erfahrungen gemeinsam sichtbar zu machen und in die Gegenwart zu vermitteln. Im Mittelpunkt stehen St\u00e4dte, die in besonderer Weise mit der Entwicklung demokratischer Verfassungen und politischer Ordnungen verbunden sind. Weitere Informationen finden Sie unter: verfassungsstaedte.de Zu den Mitgliedern des Netzwerks z\u00e4hlen [&hellip;]\" \/>\n<meta property=\"og:url\" content=\"https:\/\/www.demokratie-geschichte.de\/index.php\/netzwerk-verfassungsstadte\/\" \/>\n<meta property=\"og:site_name\" content=\"Stiftung Orte der deutschen Demokratiegeschichte\" \/>\n<meta property=\"article:modified_time\" content=\"2026-05-15T11:00:20+00:00\" \/>\n<meta property=\"og:image\" content=\"https:\/\/www.demokratie-geschichte.de\/wp-content\/uploads\/2026\/05\/nvs-logo.png\" \/>\n\t<meta property=\"og:image:width\" content=\"587\" \/>\n\t<meta property=\"og:image:height\" content=\"182\" \/>\n\t<meta property=\"og:image:type\" content=\"image\/png\" \/>\n<meta name=\"twitter:card\" content=\"summary_large_image\" \/>\n<meta name=\"twitter:label1\" content=\"Gesch\u00e4tzte Lesezeit\" \/>\n\t<meta name=\"twitter:data1\" content=\"2\u00a0Minuten\" \/>\n<script type=\"application\/ld+json\" class=\"yoast-schema-graph\">{\"@context\":\"https:\\\/\\\/schema.org\",\"@graph\":[{\"@type\":\"WebPage\",\"@id\":\"https:\\\/\\\/www.demokratie-geschichte.de\\\/index.php\\\/netzwerk-verfassungsstadte\\\/\",\"url\":\"https:\\\/\\\/www.demokratie-geschichte.de\\\/index.php\\\/netzwerk-verfassungsstadte\\\/\",\"name\":\"Netzwerk Verfassungsst\u00e4dte - Stiftung Orte der deutschen Demokratiegeschichte\",\"isPartOf\":{\"@id\":\"https:\\\/\\\/www.demokratie-geschichte.de\\\/index.php\\\/#website\"},\"primaryImageOfPage\":{\"@id\":\"https:\\\/\\\/www.demokratie-geschichte.de\\\/index.php\\\/netzwerk-verfassungsstadte\\\/#primaryimage\"},\"image\":{\"@id\":\"https:\\\/\\\/www.demokratie-geschichte.de\\\/index.php\\\/netzwerk-verfassungsstadte\\\/#primaryimage\"},\"thumbnailUrl\":\"https:\\\/\\\/www.demokratie-geschichte.de\\\/wp-content\\\/uploads\\\/2026\\\/05\\\/nvs-logo.png\",\"datePublished\":\"2026-04-14T21:07:28+00:00\",\"dateModified\":\"2026-05-15T11:00:20+00:00\",\"breadcrumb\":{\"@id\":\"https:\\\/\\\/www.demokratie-geschichte.de\\\/index.php\\\/netzwerk-verfassungsstadte\\\/#breadcrumb\"},\"inLanguage\":\"de\",\"potentialAction\":[{\"@type\":\"ReadAction\",\"target\":[\"https:\\\/\\\/www.demokratie-geschichte.de\\\/index.php\\\/netzwerk-verfassungsstadte\\\/\"]}]},{\"@type\":\"ImageObject\",\"inLanguage\":\"de\",\"@id\":\"https:\\\/\\\/www.demokratie-geschichte.de\\\/index.php\\\/netzwerk-verfassungsstadte\\\/#primaryimage\",\"url\":\"https:\\\/\\\/www.demokratie-geschichte.de\\\/wp-content\\\/uploads\\\/2026\\\/05\\\/nvs-logo.png\",\"contentUrl\":\"https:\\\/\\\/www.demokratie-geschichte.de\\\/wp-content\\\/uploads\\\/2026\\\/05\\\/nvs-logo.png\"},{\"@type\":\"BreadcrumbList\",\"@id\":\"https:\\\/\\\/www.demokratie-geschichte.de\\\/index.php\\\/netzwerk-verfassungsstadte\\\/#breadcrumb\",\"itemListElement\":[{\"@type\":\"ListItem\",\"position\":1,\"name\":\"Startseite\",\"item\":\"https:\\\/\\\/www.demokratie-geschichte.de\\\/index.php\\\/\"},{\"@type\":\"ListItem\",\"position\":2,\"name\":\"Netzwerk Verfassungsst\u00e4dte\"}]},{\"@type\":\"WebSite\",\"@id\":\"https:\\\/\\\/www.demokratie-geschichte.de\\\/index.php\\\/#website\",\"url\":\"https:\\\/\\\/www.demokratie-geschichte.de\\\/index.php\\\/\",\"name\":\"Stiftung Orte der deutschen Demokratiegeschichte\",\"description\":\"\",\"potentialAction\":[{\"@type\":\"SearchAction\",\"target\":{\"@type\":\"EntryPoint\",\"urlTemplate\":\"https:\\\/\\\/www.demokratie-geschichte.de\\\/index.php\\\/?s={search_term_string}\"},\"query-input\":{\"@type\":\"PropertyValueSpecification\",\"valueRequired\":true,\"valueName\":\"search_term_string\"}}],\"inLanguage\":\"de\"}]}<\/script>\n<!-- \/ Yoast SEO plugin. -->","yoast_head_json":{"title":"Netzwerk Verfassungsst\u00e4dte - Stiftung Orte der deutschen Demokratiegeschichte","robots":{"index":"index","follow":"follow","max-snippet":"max-snippet:-1","max-image-preview":"max-image-preview:large","max-video-preview":"max-video-preview:-1"},"canonical":"https:\/\/www.demokratie-geschichte.de\/index.php\/netzwerk-verfassungsstadte\/","og_locale":"de_DE","og_type":"article","og_title":"Netzwerk Verfassungsst\u00e4dte - Stiftung Orte der deutschen Demokratiegeschichte","og_description":"Das Netzwerk Verfassungsst\u00e4dte verbindet zentrale Orte der deutschen Verfassungsgeschichte mit dem Ziel, ihre historischen Erfahrungen gemeinsam sichtbar zu machen und in die Gegenwart zu vermitteln. Im Mittelpunkt stehen St\u00e4dte, die in besonderer Weise mit der Entwicklung demokratischer Verfassungen und politischer Ordnungen verbunden sind. Weitere Informationen finden Sie unter: verfassungsstaedte.de Zu den Mitgliedern des Netzwerks z\u00e4hlen [&hellip;]","og_url":"https:\/\/www.demokratie-geschichte.de\/index.php\/netzwerk-verfassungsstadte\/","og_site_name":"Stiftung Orte der deutschen Demokratiegeschichte","article_modified_time":"2026-05-15T11:00:20+00:00","og_image":[{"width":587,"height":182,"url":"https:\/\/www.demokratie-geschichte.de\/wp-content\/uploads\/2026\/05\/nvs-logo.png","type":"image\/png"}],"twitter_card":"summary_large_image","twitter_misc":{"Gesch\u00e4tzte Lesezeit":"2\u00a0Minuten"},"schema":{"@context":"https:\/\/schema.org","@graph":[{"@type":"WebPage","@id":"https:\/\/www.demokratie-geschichte.de\/index.php\/netzwerk-verfassungsstadte\/","url":"https:\/\/www.demokratie-geschichte.de\/index.php\/netzwerk-verfassungsstadte\/","name":"Netzwerk Verfassungsst\u00e4dte - Stiftung Orte der deutschen Demokratiegeschichte","isPartOf":{"@id":"https:\/\/www.demokratie-geschichte.de\/index.php\/#website"},"primaryImageOfPage":{"@id":"https:\/\/www.demokratie-geschichte.de\/index.php\/netzwerk-verfassungsstadte\/#primaryimage"},"image":{"@id":"https:\/\/www.demokratie-geschichte.de\/index.php\/netzwerk-verfassungsstadte\/#primaryimage"},"thumbnailUrl":"https:\/\/www.demokratie-geschichte.de\/wp-content\/uploads\/2026\/05\/nvs-logo.png","datePublished":"2026-04-14T21:07:28+00:00","dateModified":"2026-05-15T11:00:20+00:00","breadcrumb":{"@id":"https:\/\/www.demokratie-geschichte.de\/index.php\/netzwerk-verfassungsstadte\/#breadcrumb"},"inLanguage":"de","potentialAction":[{"@type":"ReadAction","target":["https:\/\/www.demokratie-geschichte.de\/index.php\/netzwerk-verfassungsstadte\/"]}]},{"@type":"ImageObject","inLanguage":"de","@id":"https:\/\/www.demokratie-geschichte.de\/index.php\/netzwerk-verfassungsstadte\/#primaryimage","url":"https:\/\/www.demokratie-geschichte.de\/wp-content\/uploads\/2026\/05\/nvs-logo.png","contentUrl":"https:\/\/www.demokratie-geschichte.de\/wp-content\/uploads\/2026\/05\/nvs-logo.png"},{"@type":"BreadcrumbList","@id":"https:\/\/www.demokratie-geschichte.de\/index.php\/netzwerk-verfassungsstadte\/#breadcrumb","itemListElement":[{"@type":"ListItem","position":1,"name":"Startseite","item":"https:\/\/www.demokratie-geschichte.de\/index.php\/"},{"@type":"ListItem","position":2,"name":"Netzwerk Verfassungsst\u00e4dte"}]},{"@type":"WebSite","@id":"https:\/\/www.demokratie-geschichte.de\/index.php\/#website","url":"https:\/\/www.demokratie-geschichte.de\/index.php\/","name":"Stiftung Orte der deutschen Demokratiegeschichte","description":"","potentialAction":[{"@type":"SearchAction","target":{"@type":"EntryPoint","urlTemplate":"https:\/\/www.demokratie-geschichte.de\/index.php\/?s={search_term_string}"},"query-input":{"@type":"PropertyValueSpecification","valueRequired":true,"valueName":"search_term_string"}}],"inLanguage":"de"}]}},"wps_subtitle":"","_links":{"self":[{"href":"https:\/\/www.demokratie-geschichte.de\/index.php\/wp-json\/wp\/v2\/pages\/13443","targetHints":{"allow":["GET"]}}],"collection":[{"href":"https:\/\/www.demokratie-geschichte.de\/index.php\/wp-json\/wp\/v2\/pages"}],"about":[{"href":"https:\/\/www.demokratie-geschichte.de\/index.php\/wp-json\/wp\/v2\/types\/page"}],"author":[{"embeddable":true,"href":"https:\/\/www.demokratie-geschichte.de\/index.php\/wp-json\/wp\/v2\/users\/23"}],"replies":[{"embeddable":true,"href":"https:\/\/www.demokratie-geschichte.de\/index.php\/wp-json\/wp\/v2\/comments?post=13443"}],"version-history":[{"count":3,"href":"https:\/\/www.demokratie-geschichte.de\/index.php\/wp-json\/wp\/v2\/pages\/13443\/revisions"}],"predecessor-version":[{"id":13896,"href":"https:\/\/www.demokratie-geschichte.de\/index.php\/wp-json\/wp\/v2\/pages\/13443\/revisions\/13896"}],"wp:attachment":[{"href":"https:\/\/www.demokratie-geschichte.de\/index.php\/wp-json\/wp\/v2\/media?parent=13443"}],"wp:term":[{"taxonomy":"category","embeddable":true,"href":"https:\/\/www.demokratie-geschichte.de\/index.php\/wp-json\/wp\/v2\/categories?post=13443"},{"taxonomy":"post_tag","embeddable":true,"href":"https:\/\/www.demokratie-geschichte.de\/index.php\/wp-json\/wp\/v2\/tags?post=13443"}],"curies":[{"name":"wp","href":"https:\/\/api.w.org\/{rel}","templated":true}]}}