{"id":13440,"date":"2026-04-14T23:07:19","date_gmt":"2026-04-14T21:07:19","guid":{"rendered":"https:\/\/www.demokratie-geschichte.de\/index.php\/?page_id=13440"},"modified":"2026-05-15T12:59:24","modified_gmt":"2026-05-15T10:59:24","slug":"miley-milestones-of-european-history","status":"publish","type":"page","link":"https:\/\/www.demokratie-geschichte.de\/index.php\/miley-milestones-of-european-history\/","title":{"rendered":"MILEY \u2013 Milestones of European History. Exploring Sites of Democracy in a Digital Learning Space"},"content":{"rendered":"\n<div class=\"wp-block-columns is-layout-flex wp-container-core-columns-is-layout-9d6595d7 wp-block-columns-is-layout-flex\">\n<div class=\"wp-block-column is-layout-flow wp-block-column-is-layout-flow\" style=\"flex-basis:50%\">\n<figure class=\"wp-block-image size-full\"><img loading=\"lazy\" decoding=\"async\" width=\"380\" height=\"380\" src=\"https:\/\/www.demokratie-geschichte.de\/wp-content\/uploads\/2026\/05\/Logo_MILEY-380x380-1.webp\" alt=\"\" class=\"wp-image-13872\" srcset=\"https:\/\/www.demokratie-geschichte.de\/wp-content\/uploads\/2026\/05\/Logo_MILEY-380x380-1.webp 380w, https:\/\/www.demokratie-geschichte.de\/wp-content\/uploads\/2026\/05\/Logo_MILEY-380x380-1-300x300.webp 300w\" sizes=\"auto, (max-width: 380px) 100vw, 380px\" \/><\/figure>\n<\/div>\n\n\n\n<div class=\"wp-block-column is-layout-flow wp-block-column-is-layout-flow\" style=\"flex-basis:50%\">\n<p><strong>Das Erasmus+ Projekt \u201eMILEY \u2013 Milestones of European History. Exploring Sites of Democracy in a Digital Learning Space\u201c er\u00f6ffnet durch eine digitale Karte und begleitendes Lernmaterial neue Zug\u00e4nge zur europ\u00e4ischen Demokratiegeschichte. Herzst\u00fcck des Projekts ist eine digitale Karte, die historische Orte der Demokratie in \u00d6sterreich, Deutschland und Tschechien sichtbar macht und in ihren jeweiligen politischen und gesellschaftlichen Kontext einordnet.<\/strong><\/p>\n<\/div>\n<\/div>\n\n\n\n<p><strong>Zur digitalen Karte: <a href=\"https:\/\/democracy-map.eu\/\">democracy-map.eu<\/a><\/strong><\/p>\n\n\n\n<p>Ausgangspunkt des Projekts ist die Erkenntnis, dass <strong>Demokratie kein linearer Fortschrittsprozess<\/strong> ist, sondern von Umbr\u00fcchen, Konflikten und Aushandlungen gepr\u00e4gt wird. MILEY macht diese Dynamiken an konkreten Orten erfahrbar \u2013 etwa an der Wiener Ringstra\u00dfe, der N\u00e1rodn\u00ed t\u0159\u00edda in Prag oder dem Hambacher Schloss. Die interaktive Karte erm\u00f6glicht es, diese Orte thematisch und zeitlich zu erschlie\u00dfen und miteinander in Beziehung zu setzen.<\/p>\n\n\n\n<p>Erg\u00e4nzt wird die Plattform durch ein didaktisches Lehr-Lernkonzept mit vielf\u00e4ltigen Materialien und Aufgabenformaten. Es richtet sich insbesondere an die Erwachsenenbildung und l\u00e4dt dazu ein, sich niedrigschwellig und zugleich vertiefend mit Demokratiegeschichte auseinanderzusetzen.<\/p>\n\n\n\n<p><em>Das Projekt wurde von 2023 bis 2025 im Rahmen von Erasmus+ umgesetzt und geht auf eine Kooperation mit der Gesellschaft zur Erforschung der Demokratiegeschichte zur\u00fcck. Beteiligt sind das Demokratiezentrum Wien (AT), die CEVRO University (CZ), die Gesellschaft zur Erforschung der Demokratie-Geschichte e.V. (DE) sowie die Stiftung Orte der deutschen Demokratiegeschichte.<\/em><\/p>\n\n\n\n<figure class=\"wp-block-image size-full\"><img loading=\"lazy\" decoding=\"async\" width=\"600\" height=\"426\" src=\"https:\/\/www.demokratie-geschichte.de\/wp-content\/uploads\/2026\/05\/neu_ein_kooperationsprojekt_des_demokratiezentrums_wien_gmbh_at_der_cevro_university_cz_und_der_gesellschaft_zur_erforschung_der_demokratie-geschichte_e-v-_de_-.png\" alt=\"\" class=\"wp-image-13873\" srcset=\"https:\/\/www.demokratie-geschichte.de\/wp-content\/uploads\/2026\/05\/neu_ein_kooperationsprojekt_des_demokratiezentrums_wien_gmbh_at_der_cevro_university_cz_und_der_gesellschaft_zur_erforschung_der_demokratie-geschichte_e-v-_de_-.png 600w, https:\/\/www.demokratie-geschichte.de\/wp-content\/uploads\/2026\/05\/neu_ein_kooperationsprojekt_des_demokratiezentrums_wien_gmbh_at_der_cevro_university_cz_und_der_gesellschaft_zur_erforschung_der_demokratie-geschichte_e-v-_de_--300x213.png 300w\" sizes=\"auto, (max-width: 600px) 100vw, 600px\" \/><\/figure>\n\n\n\n<p><\/p>\n","protected":false},"excerpt":{"rendered":"<p>Das Erasmus+ Projekt \u201eMILEY \u2013 Milestones of European History. Exploring Sites of Democracy in a Digital Learning Space\u201c er\u00f6ffnet durch eine digitale Karte und begleitendes Lernmaterial neue Zug\u00e4nge zur europ\u00e4ischen Demokratiegeschichte. Herzst\u00fcck des Projekts ist eine digitale Karte, die historische Orte der Demokratie in \u00d6sterreich, Deutschland und Tschechien sichtbar macht und in ihren jeweiligen politischen [&hellip;]<\/p>\n","protected":false},"author":23,"featured_media":0,"parent":0,"menu_order":4,"comment_status":"closed","ping_status":"closed","template":"","meta":{"_acf_changed":false,"footnotes":""},"categories":[],"tags":[],"class_list":["post-13440","page","type-page","status-publish","hentry"],"acf":[],"yoast_head":"<!-- This site is optimized with the Yoast SEO plugin v27.6 - https:\/\/yoast.com\/product\/yoast-seo-wordpress\/ -->\n<title>MILEY \u2013 Milestones of European History. Exploring Sites of Democracy in a Digital Learning Space - Stiftung Orte der deutschen Demokratiegeschichte<\/title>\n<meta name=\"robots\" content=\"index, follow, max-snippet:-1, max-image-preview:large, max-video-preview:-1\" \/>\n<link rel=\"canonical\" href=\"https:\/\/www.demokratie-geschichte.de\/index.php\/miley-milestones-of-european-history\/\" \/>\n<meta property=\"og:locale\" content=\"de_DE\" \/>\n<meta property=\"og:type\" content=\"article\" \/>\n<meta property=\"og:title\" content=\"MILEY \u2013 Milestones of European History. Exploring Sites of Democracy in a Digital Learning Space - Stiftung Orte der deutschen Demokratiegeschichte\" \/>\n<meta property=\"og:description\" content=\"Das Erasmus+ Projekt \u201eMILEY \u2013 Milestones of European History. Exploring Sites of Democracy in a Digital Learning Space\u201c er\u00f6ffnet durch eine digitale Karte und begleitendes Lernmaterial neue Zug\u00e4nge zur europ\u00e4ischen Demokratiegeschichte. Herzst\u00fcck des Projekts ist eine digitale Karte, die historische Orte der Demokratie in \u00d6sterreich, Deutschland und Tschechien sichtbar macht und in ihren jeweiligen politischen [&hellip;]\" \/>\n<meta property=\"og:url\" content=\"https:\/\/www.demokratie-geschichte.de\/index.php\/miley-milestones-of-european-history\/\" \/>\n<meta property=\"og:site_name\" content=\"Stiftung Orte der deutschen Demokratiegeschichte\" \/>\n<meta property=\"article:modified_time\" content=\"2026-05-15T10:59:24+00:00\" \/>\n<meta property=\"og:image\" content=\"https:\/\/www.demokratie-geschichte.de\/wp-content\/uploads\/2026\/05\/Logo_MILEY-380x380-1.webp\" \/>\n\t<meta property=\"og:image:width\" content=\"380\" \/>\n\t<meta property=\"og:image:height\" content=\"380\" \/>\n\t<meta property=\"og:image:type\" content=\"image\/webp\" \/>\n<meta name=\"twitter:card\" content=\"summary_large_image\" \/>\n<meta name=\"twitter:label1\" content=\"Gesch\u00e4tzte Lesezeit\" \/>\n\t<meta name=\"twitter:data1\" content=\"2\u00a0Minuten\" \/>\n<script type=\"application\/ld+json\" class=\"yoast-schema-graph\">{\"@context\":\"https:\\\/\\\/schema.org\",\"@graph\":[{\"@type\":\"WebPage\",\"@id\":\"https:\\\/\\\/www.demokratie-geschichte.de\\\/index.php\\\/miley-milestones-of-european-history\\\/\",\"url\":\"https:\\\/\\\/www.demokratie-geschichte.de\\\/index.php\\\/miley-milestones-of-european-history\\\/\",\"name\":\"MILEY \u2013 Milestones of European History. Exploring Sites of Democracy in a Digital Learning Space - Stiftung Orte der deutschen Demokratiegeschichte\",\"isPartOf\":{\"@id\":\"https:\\\/\\\/www.demokratie-geschichte.de\\\/index.php\\\/#website\"},\"primaryImageOfPage\":{\"@id\":\"https:\\\/\\\/www.demokratie-geschichte.de\\\/index.php\\\/miley-milestones-of-european-history\\\/#primaryimage\"},\"image\":{\"@id\":\"https:\\\/\\\/www.demokratie-geschichte.de\\\/index.php\\\/miley-milestones-of-european-history\\\/#primaryimage\"},\"thumbnailUrl\":\"https:\\\/\\\/www.demokratie-geschichte.de\\\/wp-content\\\/uploads\\\/2026\\\/05\\\/Logo_MILEY-380x380-1.webp\",\"datePublished\":\"2026-04-14T21:07:19+00:00\",\"dateModified\":\"2026-05-15T10:59:24+00:00\",\"breadcrumb\":{\"@id\":\"https:\\\/\\\/www.demokratie-geschichte.de\\\/index.php\\\/miley-milestones-of-european-history\\\/#breadcrumb\"},\"inLanguage\":\"de\",\"potentialAction\":[{\"@type\":\"ReadAction\",\"target\":[\"https:\\\/\\\/www.demokratie-geschichte.de\\\/index.php\\\/miley-milestones-of-european-history\\\/\"]}]},{\"@type\":\"ImageObject\",\"inLanguage\":\"de\",\"@id\":\"https:\\\/\\\/www.demokratie-geschichte.de\\\/index.php\\\/miley-milestones-of-european-history\\\/#primaryimage\",\"url\":\"https:\\\/\\\/www.demokratie-geschichte.de\\\/wp-content\\\/uploads\\\/2026\\\/05\\\/Logo_MILEY-380x380-1.webp\",\"contentUrl\":\"https:\\\/\\\/www.demokratie-geschichte.de\\\/wp-content\\\/uploads\\\/2026\\\/05\\\/Logo_MILEY-380x380-1.webp\"},{\"@type\":\"BreadcrumbList\",\"@id\":\"https:\\\/\\\/www.demokratie-geschichte.de\\\/index.php\\\/miley-milestones-of-european-history\\\/#breadcrumb\",\"itemListElement\":[{\"@type\":\"ListItem\",\"position\":1,\"name\":\"Startseite\",\"item\":\"https:\\\/\\\/www.demokratie-geschichte.de\\\/index.php\\\/\"},{\"@type\":\"ListItem\",\"position\":2,\"name\":\"MILEY \u2013 Milestones of European History. Exploring Sites of Democracy in a Digital Learning Space\"}]},{\"@type\":\"WebSite\",\"@id\":\"https:\\\/\\\/www.demokratie-geschichte.de\\\/index.php\\\/#website\",\"url\":\"https:\\\/\\\/www.demokratie-geschichte.de\\\/index.php\\\/\",\"name\":\"Stiftung Orte der deutschen Demokratiegeschichte\",\"description\":\"\",\"potentialAction\":[{\"@type\":\"SearchAction\",\"target\":{\"@type\":\"EntryPoint\",\"urlTemplate\":\"https:\\\/\\\/www.demokratie-geschichte.de\\\/index.php\\\/?s={search_term_string}\"},\"query-input\":{\"@type\":\"PropertyValueSpecification\",\"valueRequired\":true,\"valueName\":\"search_term_string\"}}],\"inLanguage\":\"de\"}]}<\/script>\n<!-- \/ Yoast SEO plugin. -->","yoast_head_json":{"title":"MILEY \u2013 Milestones of European History. Exploring Sites of Democracy in a Digital Learning Space - Stiftung Orte der deutschen Demokratiegeschichte","robots":{"index":"index","follow":"follow","max-snippet":"max-snippet:-1","max-image-preview":"max-image-preview:large","max-video-preview":"max-video-preview:-1"},"canonical":"https:\/\/www.demokratie-geschichte.de\/index.php\/miley-milestones-of-european-history\/","og_locale":"de_DE","og_type":"article","og_title":"MILEY \u2013 Milestones of European History. Exploring Sites of Democracy in a Digital Learning Space - Stiftung Orte der deutschen Demokratiegeschichte","og_description":"Das Erasmus+ Projekt \u201eMILEY \u2013 Milestones of European History. Exploring Sites of Democracy in a Digital Learning Space\u201c er\u00f6ffnet durch eine digitale Karte und begleitendes Lernmaterial neue Zug\u00e4nge zur europ\u00e4ischen Demokratiegeschichte. Herzst\u00fcck des Projekts ist eine digitale Karte, die historische Orte der Demokratie in \u00d6sterreich, Deutschland und Tschechien sichtbar macht und in ihren jeweiligen politischen [&hellip;]","og_url":"https:\/\/www.demokratie-geschichte.de\/index.php\/miley-milestones-of-european-history\/","og_site_name":"Stiftung Orte der deutschen Demokratiegeschichte","article_modified_time":"2026-05-15T10:59:24+00:00","og_image":[{"width":380,"height":380,"url":"https:\/\/www.demokratie-geschichte.de\/wp-content\/uploads\/2026\/05\/Logo_MILEY-380x380-1.webp","type":"image\/webp"}],"twitter_card":"summary_large_image","twitter_misc":{"Gesch\u00e4tzte Lesezeit":"2\u00a0Minuten"},"schema":{"@context":"https:\/\/schema.org","@graph":[{"@type":"WebPage","@id":"https:\/\/www.demokratie-geschichte.de\/index.php\/miley-milestones-of-european-history\/","url":"https:\/\/www.demokratie-geschichte.de\/index.php\/miley-milestones-of-european-history\/","name":"MILEY \u2013 Milestones of European History. Exploring Sites of Democracy in a Digital Learning Space - Stiftung Orte der deutschen Demokratiegeschichte","isPartOf":{"@id":"https:\/\/www.demokratie-geschichte.de\/index.php\/#website"},"primaryImageOfPage":{"@id":"https:\/\/www.demokratie-geschichte.de\/index.php\/miley-milestones-of-european-history\/#primaryimage"},"image":{"@id":"https:\/\/www.demokratie-geschichte.de\/index.php\/miley-milestones-of-european-history\/#primaryimage"},"thumbnailUrl":"https:\/\/www.demokratie-geschichte.de\/wp-content\/uploads\/2026\/05\/Logo_MILEY-380x380-1.webp","datePublished":"2026-04-14T21:07:19+00:00","dateModified":"2026-05-15T10:59:24+00:00","breadcrumb":{"@id":"https:\/\/www.demokratie-geschichte.de\/index.php\/miley-milestones-of-european-history\/#breadcrumb"},"inLanguage":"de","potentialAction":[{"@type":"ReadAction","target":["https:\/\/www.demokratie-geschichte.de\/index.php\/miley-milestones-of-european-history\/"]}]},{"@type":"ImageObject","inLanguage":"de","@id":"https:\/\/www.demokratie-geschichte.de\/index.php\/miley-milestones-of-european-history\/#primaryimage","url":"https:\/\/www.demokratie-geschichte.de\/wp-content\/uploads\/2026\/05\/Logo_MILEY-380x380-1.webp","contentUrl":"https:\/\/www.demokratie-geschichte.de\/wp-content\/uploads\/2026\/05\/Logo_MILEY-380x380-1.webp"},{"@type":"BreadcrumbList","@id":"https:\/\/www.demokratie-geschichte.de\/index.php\/miley-milestones-of-european-history\/#breadcrumb","itemListElement":[{"@type":"ListItem","position":1,"name":"Startseite","item":"https:\/\/www.demokratie-geschichte.de\/index.php\/"},{"@type":"ListItem","position":2,"name":"MILEY \u2013 Milestones of European History. Exploring Sites of Democracy in a Digital Learning Space"}]},{"@type":"WebSite","@id":"https:\/\/www.demokratie-geschichte.de\/index.php\/#website","url":"https:\/\/www.demokratie-geschichte.de\/index.php\/","name":"Stiftung Orte der deutschen Demokratiegeschichte","description":"","potentialAction":[{"@type":"SearchAction","target":{"@type":"EntryPoint","urlTemplate":"https:\/\/www.demokratie-geschichte.de\/index.php\/?s={search_term_string}"},"query-input":{"@type":"PropertyValueSpecification","valueRequired":true,"valueName":"search_term_string"}}],"inLanguage":"de"}]}},"wps_subtitle":"","_links":{"self":[{"href":"https:\/\/www.demokratie-geschichte.de\/index.php\/wp-json\/wp\/v2\/pages\/13440","targetHints":{"allow":["GET"]}}],"collection":[{"href":"https:\/\/www.demokratie-geschichte.de\/index.php\/wp-json\/wp\/v2\/pages"}],"about":[{"href":"https:\/\/www.demokratie-geschichte.de\/index.php\/wp-json\/wp\/v2\/types\/page"}],"author":[{"embeddable":true,"href":"https:\/\/www.demokratie-geschichte.de\/index.php\/wp-json\/wp\/v2\/users\/23"}],"replies":[{"embeddable":true,"href":"https:\/\/www.demokratie-geschichte.de\/index.php\/wp-json\/wp\/v2\/comments?post=13440"}],"version-history":[{"count":4,"href":"https:\/\/www.demokratie-geschichte.de\/index.php\/wp-json\/wp\/v2\/pages\/13440\/revisions"}],"predecessor-version":[{"id":13894,"href":"https:\/\/www.demokratie-geschichte.de\/index.php\/wp-json\/wp\/v2\/pages\/13440\/revisions\/13894"}],"wp:attachment":[{"href":"https:\/\/www.demokratie-geschichte.de\/index.php\/wp-json\/wp\/v2\/media?parent=13440"}],"wp:term":[{"taxonomy":"category","embeddable":true,"href":"https:\/\/www.demokratie-geschichte.de\/index.php\/wp-json\/wp\/v2\/categories?post=13440"},{"taxonomy":"post_tag","embeddable":true,"href":"https:\/\/www.demokratie-geschichte.de\/index.php\/wp-json\/wp\/v2\/tags?post=13440"}],"curies":[{"name":"wp","href":"https:\/\/api.w.org\/{rel}","templated":true}]}}