{"id":13438,"date":"2026-04-14T23:07:03","date_gmt":"2026-04-14T21:07:03","guid":{"rendered":"https:\/\/www.demokratie-geschichte.de\/index.php\/?page_id=13438"},"modified":"2026-05-15T12:58:32","modified_gmt":"2026-05-15T10:58:32","slug":"ag-orte-der-demokratiegeschichte","status":"publish","type":"page","link":"https:\/\/www.demokratie-geschichte.de\/index.php\/ag-orte-der-demokratiegeschichte\/","title":{"rendered":"AG Orte der Demokratiegeschichte"},"content":{"rendered":"\n<div class=\"wp-block-columns is-layout-flex wp-container-core-columns-is-layout-9d6595d7 wp-block-columns-is-layout-flex\">\n<div class=\"wp-block-column is-layout-flow wp-block-column-is-layout-flow\" style=\"flex-basis:50%\">\n<figure class=\"wp-block-image size-large\"><img loading=\"lazy\" decoding=\"async\" width=\"1024\" height=\"545\" src=\"https:\/\/www.demokratie-geschichte.de\/wp-content\/uploads\/2021\/11\/01_oddg_RGB-1024x545.jpg\" alt=\"\" class=\"wp-image-5312\" srcset=\"https:\/\/www.demokratie-geschichte.de\/wp-content\/uploads\/2021\/11\/01_oddg_RGB-1024x545.jpg 1024w, https:\/\/www.demokratie-geschichte.de\/wp-content\/uploads\/2021\/11\/01_oddg_RGB-300x160.jpg 300w, https:\/\/www.demokratie-geschichte.de\/wp-content\/uploads\/2021\/11\/01_oddg_RGB-768x409.jpg 768w, https:\/\/www.demokratie-geschichte.de\/wp-content\/uploads\/2021\/11\/01_oddg_RGB.jpg 1310w\" sizes=\"auto, (max-width: 1024px) 100vw, 1024px\" \/><\/figure>\n<\/div>\n\n\n\n<div class=\"wp-block-column is-layout-flow wp-block-column-is-layout-flow\" style=\"flex-basis:50%\">\n<p>Die <strong>Arbeitsgemeinschaft \u201eOrte der Demokratiegeschichte\u201c<\/strong> ist ein bundesweites Netzwerk von Einrichtungen und Initiativen, die sich der Vermittlung und Sichtbarmachung der deutschen Demokratiegeschichte widmen. Sie wurde am 1. Juni 2017 in Berlin von 34 Organisationen im Beisein der damaligen Staatsministerin f\u00fcr Kultur und Medien, Prof. Monika Gr\u00fctters, gegr\u00fcndet.<\/p>\n<\/div>\n<\/div>\n\n\n\n<p>Ziel der Arbeitsgemeinschaft ist es, die vielf\u00e4ltigen <strong>Orte und Ereignisse der Demokratiegeschichte st\u00e4rker ins \u00f6ffentliche Bewusstsein zu r\u00fccken<\/strong> \u2013 von der Franz\u00f6sischen Revolution \u00fcber das Hambacher Fest und die Revolution von 1848\/49 bis hin zur Friedlichen Revolution von 1989. Im Mittelpunkt steht dabei eine historisch fundierte, identit\u00e4tsstiftende Erinnerungsarbeit, die zur Auseinandersetzung mit demokratischen Werten anregt und gesellschaftliches Engagement st\u00e4rkt.<\/p>\n\n\n\n<p>Die Mitglieder der Arbeitsgemeinschaft reichen von gro\u00dfen Institutionen und Stiftungen bis hin zu kleineren Vereinen und Initiativen. Gemeinsam arbeiten sie an Formaten wie <strong>Thementagen, Bildungsangeboten und wissenschaftlichem Austausch<\/strong> und setzen sich daf\u00fcr ein, die Erinnerungskultur zur Demokratiegeschichte bundesweit zu st\u00e4rken.<\/p>\n\n\n\n<p>Die Arbeitsgemeinschaft hat wichtige Impulse f\u00fcr die institutionelle Weiterentwicklung des Themenfeldes gegeben und die Entstehung entsprechender Strukturen aktiv begleitet. Bis heute besteht eine enge inhaltliche Verbindung zwischen der Arbeitsgemeinschaft und der Stiftung, deren Aufbau sie ma\u00dfgeblich unterst\u00fctzt hat.<\/p>\n\n\n\n<p><a href=\"https:\/\/ag-demokratie-geschichte.de\/\">Weitere Informationen zur Arbeit der Arbeitsgemeinschaft sowie aktuelle Projekte finden Sie hier.<\/a><\/p>\n","protected":false},"excerpt":{"rendered":"<p>Die Arbeitsgemeinschaft \u201eOrte der Demokratiegeschichte\u201c ist ein bundesweites Netzwerk von Einrichtungen und Initiativen, die sich der Vermittlung und Sichtbarmachung der deutschen Demokratiegeschichte widmen. Sie wurde am 1. Juni 2017 in Berlin von 34 Organisationen im Beisein der damaligen Staatsministerin f\u00fcr Kultur und Medien, Prof. Monika Gr\u00fctters, gegr\u00fcndet. Ziel der Arbeitsgemeinschaft ist es, die vielf\u00e4ltigen Orte [&hellip;]<\/p>\n","protected":false},"author":23,"featured_media":0,"parent":0,"menu_order":3,"comment_status":"closed","ping_status":"closed","template":"","meta":{"_acf_changed":false,"footnotes":""},"categories":[],"tags":[],"class_list":["post-13438","page","type-page","status-publish","hentry"],"acf":[],"yoast_head":"<!-- This site is optimized with the Yoast SEO plugin v27.6 - https:\/\/yoast.com\/product\/yoast-seo-wordpress\/ -->\n<title>AG Orte der Demokratiegeschichte - Stiftung Orte der deutschen Demokratiegeschichte<\/title>\n<meta name=\"robots\" content=\"index, follow, max-snippet:-1, max-image-preview:large, max-video-preview:-1\" \/>\n<link rel=\"canonical\" href=\"https:\/\/www.demokratie-geschichte.de\/index.php\/ag-orte-der-demokratiegeschichte\/\" \/>\n<meta property=\"og:locale\" content=\"de_DE\" \/>\n<meta property=\"og:type\" content=\"article\" \/>\n<meta property=\"og:title\" content=\"AG Orte der Demokratiegeschichte - Stiftung Orte der deutschen Demokratiegeschichte\" \/>\n<meta property=\"og:description\" content=\"Die Arbeitsgemeinschaft \u201eOrte der Demokratiegeschichte\u201c ist ein bundesweites Netzwerk von Einrichtungen und Initiativen, die sich der Vermittlung und Sichtbarmachung der deutschen Demokratiegeschichte widmen. Sie wurde am 1. Juni 2017 in Berlin von 34 Organisationen im Beisein der damaligen Staatsministerin f\u00fcr Kultur und Medien, Prof. Monika Gr\u00fctters, gegr\u00fcndet. Ziel der Arbeitsgemeinschaft ist es, die vielf\u00e4ltigen Orte [&hellip;]\" \/>\n<meta property=\"og:url\" content=\"https:\/\/www.demokratie-geschichte.de\/index.php\/ag-orte-der-demokratiegeschichte\/\" \/>\n<meta property=\"og:site_name\" content=\"Stiftung Orte der deutschen Demokratiegeschichte\" \/>\n<meta property=\"article:modified_time\" content=\"2026-05-15T10:58:32+00:00\" \/>\n<meta property=\"og:image\" content=\"https:\/\/www.demokratie-geschichte.de\/wp-content\/uploads\/2021\/11\/01_oddg_RGB.jpg\" \/>\n\t<meta property=\"og:image:width\" content=\"1310\" \/>\n\t<meta property=\"og:image:height\" content=\"697\" \/>\n\t<meta property=\"og:image:type\" content=\"image\/jpeg\" \/>\n<meta name=\"twitter:card\" content=\"summary_large_image\" \/>\n<meta name=\"twitter:label1\" content=\"Gesch\u00e4tzte Lesezeit\" \/>\n\t<meta name=\"twitter:data1\" content=\"2\u00a0Minuten\" \/>\n<script type=\"application\/ld+json\" class=\"yoast-schema-graph\">{\"@context\":\"https:\\\/\\\/schema.org\",\"@graph\":[{\"@type\":\"WebPage\",\"@id\":\"https:\\\/\\\/www.demokratie-geschichte.de\\\/index.php\\\/ag-orte-der-demokratiegeschichte\\\/\",\"url\":\"https:\\\/\\\/www.demokratie-geschichte.de\\\/index.php\\\/ag-orte-der-demokratiegeschichte\\\/\",\"name\":\"AG Orte der Demokratiegeschichte - Stiftung Orte der deutschen Demokratiegeschichte\",\"isPartOf\":{\"@id\":\"https:\\\/\\\/www.demokratie-geschichte.de\\\/index.php\\\/#website\"},\"primaryImageOfPage\":{\"@id\":\"https:\\\/\\\/www.demokratie-geschichte.de\\\/index.php\\\/ag-orte-der-demokratiegeschichte\\\/#primaryimage\"},\"image\":{\"@id\":\"https:\\\/\\\/www.demokratie-geschichte.de\\\/index.php\\\/ag-orte-der-demokratiegeschichte\\\/#primaryimage\"},\"thumbnailUrl\":\"https:\\\/\\\/www.demokratie-geschichte.de\\\/wp-content\\\/uploads\\\/2021\\\/11\\\/01_oddg_RGB-1024x545.jpg\",\"datePublished\":\"2026-04-14T21:07:03+00:00\",\"dateModified\":\"2026-05-15T10:58:32+00:00\",\"breadcrumb\":{\"@id\":\"https:\\\/\\\/www.demokratie-geschichte.de\\\/index.php\\\/ag-orte-der-demokratiegeschichte\\\/#breadcrumb\"},\"inLanguage\":\"de\",\"potentialAction\":[{\"@type\":\"ReadAction\",\"target\":[\"https:\\\/\\\/www.demokratie-geschichte.de\\\/index.php\\\/ag-orte-der-demokratiegeschichte\\\/\"]}]},{\"@type\":\"ImageObject\",\"inLanguage\":\"de\",\"@id\":\"https:\\\/\\\/www.demokratie-geschichte.de\\\/index.php\\\/ag-orte-der-demokratiegeschichte\\\/#primaryimage\",\"url\":\"https:\\\/\\\/www.demokratie-geschichte.de\\\/wp-content\\\/uploads\\\/2021\\\/11\\\/01_oddg_RGB-1024x545.jpg\",\"contentUrl\":\"https:\\\/\\\/www.demokratie-geschichte.de\\\/wp-content\\\/uploads\\\/2021\\\/11\\\/01_oddg_RGB-1024x545.jpg\"},{\"@type\":\"BreadcrumbList\",\"@id\":\"https:\\\/\\\/www.demokratie-geschichte.de\\\/index.php\\\/ag-orte-der-demokratiegeschichte\\\/#breadcrumb\",\"itemListElement\":[{\"@type\":\"ListItem\",\"position\":1,\"name\":\"Startseite\",\"item\":\"https:\\\/\\\/www.demokratie-geschichte.de\\\/index.php\\\/\"},{\"@type\":\"ListItem\",\"position\":2,\"name\":\"AG Orte der Demokratiegeschichte\"}]},{\"@type\":\"WebSite\",\"@id\":\"https:\\\/\\\/www.demokratie-geschichte.de\\\/index.php\\\/#website\",\"url\":\"https:\\\/\\\/www.demokratie-geschichte.de\\\/index.php\\\/\",\"name\":\"Stiftung Orte der deutschen Demokratiegeschichte\",\"description\":\"\",\"potentialAction\":[{\"@type\":\"SearchAction\",\"target\":{\"@type\":\"EntryPoint\",\"urlTemplate\":\"https:\\\/\\\/www.demokratie-geschichte.de\\\/index.php\\\/?s={search_term_string}\"},\"query-input\":{\"@type\":\"PropertyValueSpecification\",\"valueRequired\":true,\"valueName\":\"search_term_string\"}}],\"inLanguage\":\"de\"}]}<\/script>\n<!-- \/ Yoast SEO plugin. -->","yoast_head_json":{"title":"AG Orte der Demokratiegeschichte - Stiftung Orte der deutschen Demokratiegeschichte","robots":{"index":"index","follow":"follow","max-snippet":"max-snippet:-1","max-image-preview":"max-image-preview:large","max-video-preview":"max-video-preview:-1"},"canonical":"https:\/\/www.demokratie-geschichte.de\/index.php\/ag-orte-der-demokratiegeschichte\/","og_locale":"de_DE","og_type":"article","og_title":"AG Orte der Demokratiegeschichte - Stiftung Orte der deutschen Demokratiegeschichte","og_description":"Die Arbeitsgemeinschaft \u201eOrte der Demokratiegeschichte\u201c ist ein bundesweites Netzwerk von Einrichtungen und Initiativen, die sich der Vermittlung und Sichtbarmachung der deutschen Demokratiegeschichte widmen. Sie wurde am 1. Juni 2017 in Berlin von 34 Organisationen im Beisein der damaligen Staatsministerin f\u00fcr Kultur und Medien, Prof. Monika Gr\u00fctters, gegr\u00fcndet. Ziel der Arbeitsgemeinschaft ist es, die vielf\u00e4ltigen Orte [&hellip;]","og_url":"https:\/\/www.demokratie-geschichte.de\/index.php\/ag-orte-der-demokratiegeschichte\/","og_site_name":"Stiftung Orte der deutschen Demokratiegeschichte","article_modified_time":"2026-05-15T10:58:32+00:00","og_image":[{"width":1310,"height":697,"url":"https:\/\/www.demokratie-geschichte.de\/wp-content\/uploads\/2021\/11\/01_oddg_RGB.jpg","type":"image\/jpeg"}],"twitter_card":"summary_large_image","twitter_misc":{"Gesch\u00e4tzte Lesezeit":"2\u00a0Minuten"},"schema":{"@context":"https:\/\/schema.org","@graph":[{"@type":"WebPage","@id":"https:\/\/www.demokratie-geschichte.de\/index.php\/ag-orte-der-demokratiegeschichte\/","url":"https:\/\/www.demokratie-geschichte.de\/index.php\/ag-orte-der-demokratiegeschichte\/","name":"AG Orte der Demokratiegeschichte - Stiftung Orte der deutschen Demokratiegeschichte","isPartOf":{"@id":"https:\/\/www.demokratie-geschichte.de\/index.php\/#website"},"primaryImageOfPage":{"@id":"https:\/\/www.demokratie-geschichte.de\/index.php\/ag-orte-der-demokratiegeschichte\/#primaryimage"},"image":{"@id":"https:\/\/www.demokratie-geschichte.de\/index.php\/ag-orte-der-demokratiegeschichte\/#primaryimage"},"thumbnailUrl":"https:\/\/www.demokratie-geschichte.de\/wp-content\/uploads\/2021\/11\/01_oddg_RGB-1024x545.jpg","datePublished":"2026-04-14T21:07:03+00:00","dateModified":"2026-05-15T10:58:32+00:00","breadcrumb":{"@id":"https:\/\/www.demokratie-geschichte.de\/index.php\/ag-orte-der-demokratiegeschichte\/#breadcrumb"},"inLanguage":"de","potentialAction":[{"@type":"ReadAction","target":["https:\/\/www.demokratie-geschichte.de\/index.php\/ag-orte-der-demokratiegeschichte\/"]}]},{"@type":"ImageObject","inLanguage":"de","@id":"https:\/\/www.demokratie-geschichte.de\/index.php\/ag-orte-der-demokratiegeschichte\/#primaryimage","url":"https:\/\/www.demokratie-geschichte.de\/wp-content\/uploads\/2021\/11\/01_oddg_RGB-1024x545.jpg","contentUrl":"https:\/\/www.demokratie-geschichte.de\/wp-content\/uploads\/2021\/11\/01_oddg_RGB-1024x545.jpg"},{"@type":"BreadcrumbList","@id":"https:\/\/www.demokratie-geschichte.de\/index.php\/ag-orte-der-demokratiegeschichte\/#breadcrumb","itemListElement":[{"@type":"ListItem","position":1,"name":"Startseite","item":"https:\/\/www.demokratie-geschichte.de\/index.php\/"},{"@type":"ListItem","position":2,"name":"AG Orte der Demokratiegeschichte"}]},{"@type":"WebSite","@id":"https:\/\/www.demokratie-geschichte.de\/index.php\/#website","url":"https:\/\/www.demokratie-geschichte.de\/index.php\/","name":"Stiftung Orte der deutschen Demokratiegeschichte","description":"","potentialAction":[{"@type":"SearchAction","target":{"@type":"EntryPoint","urlTemplate":"https:\/\/www.demokratie-geschichte.de\/index.php\/?s={search_term_string}"},"query-input":{"@type":"PropertyValueSpecification","valueRequired":true,"valueName":"search_term_string"}}],"inLanguage":"de"}]}},"wps_subtitle":"","_links":{"self":[{"href":"https:\/\/www.demokratie-geschichte.de\/index.php\/wp-json\/wp\/v2\/pages\/13438","targetHints":{"allow":["GET"]}}],"collection":[{"href":"https:\/\/www.demokratie-geschichte.de\/index.php\/wp-json\/wp\/v2\/pages"}],"about":[{"href":"https:\/\/www.demokratie-geschichte.de\/index.php\/wp-json\/wp\/v2\/types\/page"}],"author":[{"embeddable":true,"href":"https:\/\/www.demokratie-geschichte.de\/index.php\/wp-json\/wp\/v2\/users\/23"}],"replies":[{"embeddable":true,"href":"https:\/\/www.demokratie-geschichte.de\/index.php\/wp-json\/wp\/v2\/comments?post=13438"}],"version-history":[{"count":4,"href":"https:\/\/www.demokratie-geschichte.de\/index.php\/wp-json\/wp\/v2\/pages\/13438\/revisions"}],"predecessor-version":[{"id":13891,"href":"https:\/\/www.demokratie-geschichte.de\/index.php\/wp-json\/wp\/v2\/pages\/13438\/revisions\/13891"}],"wp:attachment":[{"href":"https:\/\/www.demokratie-geschichte.de\/index.php\/wp-json\/wp\/v2\/media?parent=13438"}],"wp:term":[{"taxonomy":"category","embeddable":true,"href":"https:\/\/www.demokratie-geschichte.de\/index.php\/wp-json\/wp\/v2\/categories?post=13438"},{"taxonomy":"post_tag","embeddable":true,"href":"https:\/\/www.demokratie-geschichte.de\/index.php\/wp-json\/wp\/v2\/tags?post=13438"}],"curies":[{"name":"wp","href":"https:\/\/api.w.org\/{rel}","templated":true}]}}